
{"id":1061,"date":"2019-02-28T16:43:23","date_gmt":"2019-02-28T15:43:23","guid":{"rendered":"https:\/\/przedszkole80.edu.wroclaw.pl\/?page_id=1061"},"modified":"2025-07-25T12:01:36","modified_gmt":"2025-07-25T10:01:36","slug":"rodo","status":"publish","type":"page","link":"https:\/\/przedszkole80.edu.wroclaw.pl\/index.php\/rodo\/","title":{"rendered":"RODO"},"content":{"rendered":"<div class=\"wpb-content-wrapper\"><p>[vc_row][vc_column width=&#8221;1\/2&#8243;][vc_column_text][\/vc_column_text][vc_column_text css=&#8221;&#8221;]<\/p>\n<h2><span style=\"font-size: 12pt\">Informujemy, \u017ce\u00a0 Inspektorem danych osobowych w naszej plac\u00f3wce\u00a0 \u00a0jest Pan Tomasz Grzybowski<\/span><\/h2>\n<h2><span style=\"font-size: 12pt\"><span style=\"font-size: 12pt\">\u00a0Kontaktu\u00a0 z inspektorem: <\/span><\/span><span style=\"font-size: 12pt\"><span style=\"font-size: 12pt\">\u00a0e-mail:<\/span><\/span><span style=\"font-size: 12pt\"><strong>inspektor@coreconsulting.pl\u00a0 lub\u00a0 \u00a0<\/strong><\/span><\/h2>\n<h2><span style=\"font-size: 12pt\"><strong>adres stacjonarny: Core Consulting,<\/strong><\/span><\/h2>\n<p align=\"justify\">\u00a0 \u00a0 \u00a0 \u00a0 \u00a0 \u00a0 \u00a0 \u00a0 \u00a0 \u00a0 \u00a0 \u00a0 \u00a0 \u00a0 \u00a0 \u00a0 \u00a0 \u00a0 \u00a0 \u00a0 \u00a0 \u00a0ul. Stary Rynek 80\/82, 61-772 Pozna\u0144<\/p>\n<p>\u00a0 \u00a0 \u00a0 \u00a0 \u00a0 \u00a0 \u00a0 \u00a0 \u00a0 \u00a0 \u00a0 \u00a0 \u00a0 \u00a0 \u00a0 \u00a0 \u00a0 \u00a0 \u00a0 \u00a0 \u00a0 Kontakt przez e-puap: Przedszkole80Wroc<\/p>\n<h2><span style=\"font-size: 12pt\"><strong><a href=\"https:\/\/przedszkole80.edu.wroclaw.pl\/wp-content\/uploads\/sites\/29\/2024\/10\/Zal.-7f.-Klauzula-umowa.docx\">Za\u0142. 7f. Klauzula &#8211; umowa<\/a> <a href=\"https:\/\/przedszkole80.edu.wroclaw.pl\/wp-content\/uploads\/sites\/29\/2024\/10\/Zal.-3k.-Upowaznienie-wolontariusz.docx\">Za\u0142. <\/a><\/strong><\/span><\/h2>\n<h2><span style=\"font-size: 12pt\"><strong><a href=\"https:\/\/przedszkole80.edu.wroclaw.pl\/wp-content\/uploads\/sites\/29\/2024\/10\/Zal.-7g.-Klauzula-zamowienia-publiczne.docx\">Za\u0142. 7g. Klauzula &#8211; zam\u00f3wienia publiczne<\/a><\/strong><\/span><\/h2>\n<h2><span style=\"font-size: 12pt\"><strong><a href=\"https:\/\/przedszkole80.edu.wroclaw.pl\/wp-content\/uploads\/sites\/29\/2024\/10\/Zal.-7b.-Klauzula-postepowanie-administracyjne.docx\">Za\u0142. 7b. Klauzula post\u0119powanie administracyjne<\/a><\/strong><\/span><\/h2>\n<h2><span style=\"font-size: 12pt\"><strong><a href=\"https:\/\/przedszkole80.edu.wroclaw.pl\/wp-content\/uploads\/sites\/29\/2024\/10\/Zal.-9.-Karta-do-odbioru-dziecka-z-przedszkola.docx\">Za\u0142. 9. Karta do odbioru dziecka z przedszkola<\/a><\/strong><\/span><\/h2>\n<h2><span style=\"font-size: 12pt\"><strong><a href=\"https:\/\/przedszkole80.edu.wroclaw.pl\/wp-content\/uploads\/sites\/29\/2024\/10\/Zal.-7p.-Klauzula-opiekun-wycieczki.docx\">Za\u0142. 7p. Klauzula &#8211; opiekun wycieczki<\/a><\/strong><\/span><\/h2>\n<h2><span style=\"font-size: 12pt\"><strong><a href=\"https:\/\/przedszkole80.edu.wroclaw.pl\/wp-content\/uploads\/sites\/29\/2024\/10\/Zal.-7k.-Klauzula-rekrutacja-pracownika.docx\">Za\u0142. 7k. Klauzula &#8211; rekrutacja pracownika<\/a><\/strong><\/span><\/h2>\n<h2><span style=\"font-size: 12pt\"><strong><a href=\"https:\/\/przedszkole80.edu.wroclaw.pl\/wp-content\/uploads\/sites\/29\/2024\/10\/Zal.-7n.-Klauzula-edukacja-dziecka-w-placowce.docx\">Za\u0142. 7n. Klauzula &#8211; edukacja dziecka w plac\u00f3wce<\/a><\/strong><\/span><\/h2>\n<h2><span style=\"font-size: 12pt\"><strong><a href=\"https:\/\/przedszkole80.edu.wroclaw.pl\/wp-content\/uploads\/sites\/29\/2024\/10\/Zal.-7f.-Klauzula-umowa.docx\">Za\u0142. 7f. Klauzula &#8211; umowa<\/a><\/strong><\/span><\/h2>\n<h2><span style=\"font-size: 12pt\"><strong><a href=\"https:\/\/przedszkole80.edu.wroclaw.pl\/wp-content\/uploads\/sites\/29\/2024\/10\/Zal.-8d.-Zgoda-na-wizerunek-na-FB-osoba-trzecia.docx\">Za\u0142. 8d. Zgoda na wizerunek na FB &#8211; osoba trzecia<\/a><\/strong><\/span><\/h2>\n<h2><span style=\"font-size: 12pt\"><strong><a href=\"https:\/\/przedszkole80.edu.wroclaw.pl\/wp-content\/uploads\/sites\/29\/2024\/10\/Zal.-7e.-Klauzula-strona-www.docx\">Za\u0142. 7e. Klauzula &#8211; strona www<\/a><\/strong><\/span><\/h2>\n<h2><span style=\"font-size: 12pt\"><strong><a href=\"https:\/\/przedszkole80.edu.wroclaw.pl\/wp-content\/uploads\/sites\/29\/2024\/10\/Zal.-8b.-Zgoda-na-wizerunek-na-FB-wychowanek-przedszkola.docx\">Za\u0142. 8b. Zgoda na wizerunek na FB &#8211; wychowanek przedszkola<\/a><\/strong><\/span><\/h2>\n<h2><span style=\"font-size: 12pt\"><strong><a href=\"https:\/\/przedszkole80.edu.wroclaw.pl\/wp-content\/uploads\/sites\/29\/2024\/10\/Zal.-3k.-Upowaznienie-wolontariusz.docx\">3k. Upowa\u017cnienie &#8211; wolontariusz<\/a><\/strong><\/span><\/h2>\n<h2><span style=\"font-size: 12pt\"><strong><a href=\"https:\/\/przedszkole80.edu.wroclaw.pl\/wp-content\/uploads\/sites\/29\/2024\/10\/Zal.-8a.-Zgoda-na-udzial-w-lekcjach-religii.docx\">Za\u0142. 8a. Zgoda na udzia\u0142 w lekcjach religii<\/a> <\/strong>\u00a0<\/span><\/h2>\n<p><a href=\"https:\/\/przedszkole80.edu.wroclaw.pl\/wp-content\/uploads\/sites\/29\/2024\/10\/Zal.-7.-Klauzula-zlozenie-pisma-w-placowce.docx\">Za\u0142. 7. Klauzula &#8211; z\u0142o\u017cenie pisma w plac\u00f3wce<\/a><a href=\"https:\/\/przedszkole80.edu.wroclaw.pl\/wp-content\/uploads\/sites\/29\/2024\/10\/Zal.-3h.-Upowaznienie-czlonek-Rady-Rodzicow.docx\">Za\u0142. <\/a><\/p>\n<p><a href=\"https:\/\/przedszkole80.edu.wroclaw.pl\/wp-content\/uploads\/sites\/29\/2024\/10\/Zal.-3h.-Upowaznienie-czlonek-Rady-Rodzicow.docx\">3h. Upowa\u017cnienie &#8211; cz\u0142onek Rady Rodzic\u00f3w<\/a>[\/vc_column_text][\/vc_column][vc_column width=&#8221;1\/2&#8243;][\/vc_column][\/vc_row]<\/p>\n<\/div>","protected":false},"excerpt":{"rendered":"<p>[vc_row][vc_column width=&#8221;1\/2&#8243;][vc_column_text][\/vc_column_text][vc_column_text css=&#8221;&#8221;] Informujemy, \u017ce\u00a0 Inspektorem danych osobowych w naszej plac\u00f3wce\u00a0 \u00a0jest Pan Tomasz Grzybowski \u00a0Kontaktu\u00a0 z inspektorem: \u00a0e-mail:inspektor@coreconsulting.pl\u00a0 lub\u00a0 \u00a0 adres stacjonarny: Core Consulting, \u00a0 \u00a0 \u00a0 \u00a0 \u00a0 [&hellip;]<\/p>\n","protected":false},"author":7,"featured_media":0,"parent":0,"menu_order":0,"comment_status":"closed","ping_status":"closed","template":"","meta":{"ngg_post_thumbnail":0,"footnotes":""},"class_list":["post-1061","page","type-page","status-publish","hentry","clearfix"],"_links":{"self":[{"href":"https:\/\/przedszkole80.edu.wroclaw.pl\/index.php\/wp-json\/wp\/v2\/pages\/1061","targetHints":{"allow":["GET"]}}],"collection":[{"href":"https:\/\/przedszkole80.edu.wroclaw.pl\/index.php\/wp-json\/wp\/v2\/pages"}],"about":[{"href":"https:\/\/przedszkole80.edu.wroclaw.pl\/index.php\/wp-json\/wp\/v2\/types\/page"}],"author":[{"embeddable":true,"href":"https:\/\/przedszkole80.edu.wroclaw.pl\/index.php\/wp-json\/wp\/v2\/users\/7"}],"replies":[{"embeddable":true,"href":"https:\/\/przedszkole80.edu.wroclaw.pl\/index.php\/wp-json\/wp\/v2\/comments?post=1061"}],"version-history":[{"count":33,"href":"https:\/\/przedszkole80.edu.wroclaw.pl\/index.php\/wp-json\/wp\/v2\/pages\/1061\/revisions"}],"predecessor-version":[{"id":5006,"href":"https:\/\/przedszkole80.edu.wroclaw.pl\/index.php\/wp-json\/wp\/v2\/pages\/1061\/revisions\/5006"}],"wp:attachment":[{"href":"https:\/\/przedszkole80.edu.wroclaw.pl\/index.php\/wp-json\/wp\/v2\/media?parent=1061"}],"curies":[{"name":"wp","href":"https:\/\/api.w.org\/{rel}","templated":true}]}}