
{"id":111,"date":"2017-06-21T11:40:44","date_gmt":"2017-06-21T09:40:44","guid":{"rendered":"http:\/\/przedszkole80.edu.wroclaw.pl\/?page_id=111"},"modified":"2025-04-28T10:22:34","modified_gmt":"2025-04-28T08:22:34","slug":"jadlospis","status":"publish","type":"page","link":"https:\/\/przedszkole80.edu.wroclaw.pl\/index.php\/aktualnosci\/jadlospis\/","title":{"rendered":"Jad\u0142ospis"},"content":{"rendered":"<div class=\"wpb-content-wrapper\"><p>[vc_row][vc_column][vc_column_text css=&#8221;&#8221;]<span style=\"font-size: 10pt\">Jad\u0142ospis opracowany na podstawie za\u0142o\u017ce\u0144 kampanii na rzecz naturalnej diety w przedszkolu.<\/span><\/p>\n<p><span style=\"font-size: 10pt\">Wydawanie posi\u0142k\u00f3w:<\/span><\/p>\n<p><span style=\"font-size: 10pt\">8<sup>30<\/sup> \u2013 I \u015bniadanie (zupa mleczna + kanapka)<\/span><\/p>\n<p><span style=\"font-size: 10pt\">11<sup>30<\/sup> \u2013I danie\u2013 (zupa +deser)<\/span><\/p>\n<p><span style=\"font-size: 10pt\">14<sup>00<\/sup> \u2013 II danie<\/span><\/p>\n<p><span style=\"font-size: 10pt\"><strong>UWAGA!<\/strong><\/span><\/p>\n<ul>\n<li><span style=\"font-size: 10pt\"><strong>Podajemy dwie sur\u00f3wki do II dania<\/strong>: staramy si\u0119 aby na talerzu dziecka by\u0142a jedna propozycja warzywa parowanego, druga surowego. Opr\u00f3cz tego podawany jest tak\u017ce do drugiego dania owoc lub\u00a0 obrane i pokrojone warzywa.<\/span><\/li>\n<li><span style=\"font-size: 10pt\"><strong>Do sur\u00f3wek dodawane<\/strong> s\u0105 pra\u017cone pestki dyni, s\u0142onecznika, sezamu, orzechy, siemienia lnianego oraz owoce suszone.<\/span><\/li>\n<li><span style=\"font-size: 10pt\"><strong>U\u017cywamy r\u00f3\u017cnego rodzaju m\u0105ki<\/strong>, otr\u0119by, makarony i ry\u017ce.<\/span><\/li>\n<li><span style=\"font-size: 10pt\"><strong>Woda \u017ar\u00f3dlana dla dzieci jest og\u00f3lnie dost\u0119pna.<\/strong><\/span><\/li>\n<li><span style=\"font-size: 10pt\"><strong>Zupy na \u015bniadanie dla diet gotowane s\u0105 na wodzie z dodatkiem: mas\u0142a<\/strong>, figi, daktyli, moreli niesiarkowanych, \u017curawiny, owoc\u00f3w goji,\u00a0 p\u0142atk\u00f3w migda\u0142owych i orzech\u00f3w nerkowca<\/span><\/li>\n<li style=\"text-align: justify\"><span style=\"font-size: 10pt\"><strong>\u201eKolorowe dni w przedszkolu\u201d,<\/strong> np.: <strong>\u201eDzie\u0144 bia\u0142y\u201d ,\u201eDzie\u0144 dyni\u201d,<\/strong> itp. Podczas tych spotka\u0144 pracuj\u0105 i bawi\u0105 si\u0119 wszystkie dzieci w przedszkolu , nauczyciele , pracownicy obs\u0142ugi i kuchni. W tych dniach dzieci\u00a0 maja stroje w odpowiednim kolorze,\u00a0 przedszkolny jad\u0142ospis uk\u0142adany jest w taki spos\u00f3b, aby dominowa\u0142y potrawy z przewag\u0105 danego\u00a0 koloru , kt\u00f3ry ma \u015bwi\u0119to.Dzieci\u00a0 uk\u0142adaj\u0105 rymowanki, \u015bpiewaj\u0105 piosenki , lepi\u0105 z plasteliny czy masy solnej kolorowe owoce i warzywa , pomagaj\u0105 przy robieniu sok\u00f3w, pieczeniu ciast, przygotowuj\u0105 sa\u0142atki.<\/span><\/li>\n<li><span style=\"font-size: 10pt\"><strong>Poni\u017cej przedstawiamy gramatur\u0119 posi\u0142k\u00f3w<\/strong> podawanych w\u00a0 naszym przedszkolu oraz sk\u0142ad pieczywa, kt\u00f3re jest serwowane dzieciom w przedszkolu.<\/span><\/li>\n<li><span style=\"font-size: 10pt\"><a href=\"https:\/\/przedszkole80.edu.wroclaw.pl\/wp-content\/uploads\/sites\/29\/2020\/11\/gramatura-produktow.pdf\">gramatura produkt\u00f3w<\/a><\/span><\/li>\n<li><span style=\"font-size: 10pt\"><a href=\"https:\/\/przedszkole80.edu.wroclaw.pl\/wp-content\/uploads\/sites\/29\/2020\/11\/sklad-chleba.pdf\">sk\u0142ad chleba,<\/a><a href=\"https:\/\/przedszkole80.edu.wroclaw.pl\/wp-content\/uploads\/sites\/29\/2020\/11\/sklad-chleba-cd..pdf\">sk\u0142ad chleba cd.<\/a><\/span><\/li>\n<\/ul>\n<p><span style=\"font-size: 10pt\"><a href=\"https:\/\/przedszkole80.edu.wroclaw.pl\/wp-content\/uploads\/sites\/29\/2021\/09\/plakat-talerz-zdrowia.pdf\">plakat-talerz-zdrowia<\/a><\/span><\/p>\n<p><a href=\"https:\/\/przedszkole80.edu.wroclaw.pl\/wp-content\/uploads\/sites\/29\/2021\/09\/plakat-piramidazdrowego-zywienia-i-aktywnosci-fizycznej.pdf\">plakat-piramidazdrowego-zywienia-i-aktywnosci-fizycznej<\/a><\/p>\n<p><a href=\"https:\/\/przedszkole80.edu.wroclaw.pl\/wp-content\/uploads\/sites\/29\/2021\/09\/Jak_jesc_aby_zachowac_zdrowie_ikonografika.pdf\">Jak_jesc_aby_zachowac_zdrowie_ikonografika<\/a><\/p>\n<p><a href=\"https:\/\/przedszkole80.edu.wroclaw.pl\/wp-content\/uploads\/sites\/29\/2021\/09\/Ksiazeczka-z-przepisami.pdf\">Ksiazeczka-z-przepisami<\/a><\/p>\n<p><a href=\"https:\/\/przedszkole80.edu.wroclaw.pl\/wp-content\/uploads\/sites\/29\/2021\/09\/zalecane_dzienne_spozycie_cukru_ikonografika.pdf\">zalecane_dzienne_spozycie_cukru_ikonografika<\/a><\/p>\n<p><a href=\"https:\/\/przedszkole80.edu.wroclaw.pl\/wp-content\/uploads\/sites\/29\/2021\/09\/5_kolorow_w_zdrowej_diecie_ikonografika-skonwertowany-1.pdf\">5_kolorow_w_zdrowej_diecie_ikonografika-skonwertowany<\/a><\/p>\n<p><a href=\"https:\/\/przedszkole80.edu.wroclaw.pl\/wp-content\/uploads\/sites\/29\/2022\/12\/E-book-Zywienie-w-przedszkolach-w-praktyce.pdf\">E-book-Zywienie-w-przedszkolach-w-praktyce<\/a><\/p>\n<p><strong>*ALERGENY wyst\u0119puj\u0105ce w posi\u0142kach zaznaczono zgodnie z rozporz\u0105dzeniem 1169\/2011\u00a0 <\/strong><\/p>\n<p><strong>**Pieczywo i jego sk\u0142ad wraz z alergenami wywieszone jest na tablicy og\u0142osze\u0144.<\/strong><\/p>\n<p><strong>*** Przez poj\u0119cie \u201ew\u0142oszczyzna\u201d w poni\u017cszym jad\u0142ospisie rozumie si\u0119 warzywa tj.: marchewka, cebula, seler, korze\u0144 pietruszki i por.<\/strong><\/p>\n<p><strong>****Zupy przygotowywane s\u0105 n<\/strong>a <strong>wywarze warzywnym z dodatkiem oleju rzepakowego\u00a0 lub na wywarze mi\u0119snym (dopisek w nawiasie dotycz\u0105cy rodzaju mi\u0119sa, je\u015bli wyst\u0119puje).<\/strong><\/p>\n<p><strong>*****<\/strong><strong>Pieczywo zawieraj\u0105ce gluten dla dzieci z diet\u0105 bezglutenow\u0105 zast\u0119powane jest pieczywem bezglutenowym.<\/strong><\/p>\n<p>Jad\u0142ospis<\/p>\n<p><a href=\"https:\/\/przedszkole80.edu.wroclaw.pl\/wp-content\/uploads\/sites\/29\/2025\/04\/j-od-28-04-25-do-02-05-25.pdf\">j-od 28-04-25 do 02-05-25<\/a>[\/vc_column_text][\/vc_column][\/vc_row][vc_row][vc_column][vc_column_text][\/vc_column_text][vc_column_text][\/vc_column_text][\/vc_column][\/vc_row]<\/p>\n<\/div>","protected":false},"excerpt":{"rendered":"<p>[vc_row][vc_column][vc_column_text css=&#8221;&#8221;]Jad\u0142ospis opracowany na podstawie za\u0142o\u017ce\u0144 kampanii na rzecz naturalnej diety w przedszkolu. Wydawanie posi\u0142k\u00f3w: 830 \u2013 I \u015bniadanie (zupa mleczna + kanapka) 1130 \u2013I danie\u2013 (zupa +deser) 1400 \u2013 [&hellip;]<\/p>\n","protected":false},"author":15,"featured_media":0,"parent":13,"menu_order":0,"comment_status":"closed","ping_status":"closed","template":"","meta":{"ngg_post_thumbnail":0,"footnotes":""},"class_list":["post-111","page","type-page","status-publish","hentry","clearfix"],"_links":{"self":[{"href":"https:\/\/przedszkole80.edu.wroclaw.pl\/index.php\/wp-json\/wp\/v2\/pages\/111","targetHints":{"allow":["GET"]}}],"collection":[{"href":"https:\/\/przedszkole80.edu.wroclaw.pl\/index.php\/wp-json\/wp\/v2\/pages"}],"about":[{"href":"https:\/\/przedszkole80.edu.wroclaw.pl\/index.php\/wp-json\/wp\/v2\/types\/page"}],"author":[{"embeddable":true,"href":"https:\/\/przedszkole80.edu.wroclaw.pl\/index.php\/wp-json\/wp\/v2\/users\/15"}],"replies":[{"embeddable":true,"href":"https:\/\/przedszkole80.edu.wroclaw.pl\/index.php\/wp-json\/wp\/v2\/comments?post=111"}],"version-history":[{"count":144,"href":"https:\/\/przedszkole80.edu.wroclaw.pl\/index.php\/wp-json\/wp\/v2\/pages\/111\/revisions"}],"predecessor-version":[{"id":4986,"href":"https:\/\/przedszkole80.edu.wroclaw.pl\/index.php\/wp-json\/wp\/v2\/pages\/111\/revisions\/4986"}],"up":[{"embeddable":true,"href":"https:\/\/przedszkole80.edu.wroclaw.pl\/index.php\/wp-json\/wp\/v2\/pages\/13"}],"wp:attachment":[{"href":"https:\/\/przedszkole80.edu.wroclaw.pl\/index.php\/wp-json\/wp\/v2\/media?parent=111"}],"curies":[{"name":"wp","href":"https:\/\/api.w.org\/{rel}","templated":true}]}}