
{"id":15,"date":"2017-04-07T18:37:18","date_gmt":"2017-04-07T16:37:18","guid":{"rendered":"http:\/\/przedszkole80.edu.wroclaw.pl\/?page_id=15"},"modified":"2026-02-04T11:23:35","modified_gmt":"2026-02-04T10:23:35","slug":"strona-glowna","status":"publish","type":"page","link":"https:\/\/przedszkole80.edu.wroclaw.pl\/","title":{"rendered":"Strona G\u0142\u00f3wna"},"content":{"rendered":"<div class=\"wpb-content-wrapper\"><p>[vc_row row_head_color=&#8221;#575656&#8243; css=&#8221;.vc_custom_1617700412532{background-color: #bef2a7 !important;background-position: center !important;background-repeat: no-repeat !important;background-size: cover !important;border-radius: 35px !important;}&#8221;][vc_column text_align=&#8221;center&#8221; offset=&#8221;vc_col-lg-6 vc_col-md-12 vc_col-xs-12&#8243;][vc_column_text]<\/p>\n<h1 style=\"color: #3a7f1f; font-size: 24px; text-align: center;\"><span style=\"font-size: 18pt; color: #003300;\"><strong>O Przedszkolu nr 80<\/strong><\/span><\/h1>\n<p style=\"text-align: justify;\">&nbsp;&nbsp;&nbsp;&nbsp; Przedszkole \u201eZielona Dolinka\u201d jest plac\u00f3wk\u0105 nale\u017c\u0105c\u0105 do Wroc\u0142awskiej Sieci Przedszkoli Promuj\u0105cych Zdrowie. Budynek ,jak i jego wyposa\u017cenie s\u0105 w\u0142asno\u015bci\u0105 gminy Wroc\u0142aw.<\/p>\n<p>Przedszkole znajduje si\u0119 w dzielnicy Krzyki przy ulicy Zieli\u0144skiego. Mie\u015bci si\u0119 w budynku 3 kondygnacyjnym, murowanym.<\/p>\n<p>[\/vc_column_text][vc_column_text]<\/p>\n<h1 style=\"text-align: center;\"><span style=\"font-size: 18pt; color: #003300;\"><strong><em>Motto przedszkola:<\/em><\/strong><\/span><\/h1>\n<p style=\"text-align: center;\"><em>\u201eMoje przedszkole to m\u00f3j drugi dom,<\/em><\/p>\n<p style=\"text-align: center;\"><em>bo stawia na Mnie<\/em><\/p>\n<p style=\"text-align: center;\"><em>na moje szcz\u0119\u015bliwe dzieci\u0144stwo<\/em><\/p>\n<p style=\"text-align: center;\"><em>i na m\u00f3j wszechstronny rozw\u00f3j.<\/em><\/p>\n<p style=\"text-align: center;\"><em>Powiedz mi, a zapomn\u0119<\/em><\/p>\n<p style=\"text-align: center;\"><em>poka\u017c, a zapami\u0119tam<\/em><\/p>\n<p style=\"text-align: center;\"><em>pom\u00f3\u017c wzi\u0105\u0107 udzia\u0142<\/em><\/p>\n<p style=\"text-align: center;\"><em>a zrozumiem\u2026\u201d<\/em><\/p>\n<p>[\/vc_column_text][vc_column_text css=&#8221;&#8221;]<\/p>\n<p>&nbsp;<\/p>\n<p>&nbsp;<\/p>\n<p style=\"text-align: center;\"><strong>POLITYKA OCHRONY DZIECI PRZED KRZYWDZENIEM&nbsp; <\/strong><strong>OBOWI\u0104ZUJ\u0104CA <\/strong><\/p>\n<p style=\"text-align: center;\"><strong>W PRZEDSZKOLU NR 80 <\/strong><strong>\u201eZIELONA DOLINKA\u201d&nbsp; <\/strong><strong>WE WROC\u0141AWIU<\/strong><\/p>\n<p><a href=\"https:\/\/przedszkole80.edu.wroclaw.pl\/wp-content\/uploads\/sites\/29\/2024\/08\/POLITYKA-OCHRONYP-LE-nr-80.pdf\">POLITYKA OCHRONY,P-LE nr 80<\/a>[\/vc_column_text][\/vc_column][vc_column text_align=&#8221;center&#8221; offset=&#8221;vc_col-lg-6 vc_col-md-12 vc_col-xs-12&#8243;][vc_images_carousel images=&#8221;26,20,21&#8243; img_size=&#8221;500&#215;200&#8243; autoplay=&#8221;yes&#8221; wrap=&#8221;yes&#8221;][vc_column_text]<\/p>\n<h1><span style=\"font-size: 18pt; color: #003300;\"><strong>G\u0142\u00f3wne dzia\u0142ania przedszkola:<\/strong><\/span><\/h1>\n<p>G\u0142\u00f3wne dzia\u0142ania przedszkola to zdrowie i ekologia. Te dwie dziedziny s\u0105 ze sob\u0105 bardzo mocno powi\u0105zane, gdy\u017c istnieje \u015bcis\u0142a zale\u017cno\u015b\u0107 pomi\u0119dzy stanem \u015brodowiska a zdrowiem cz\u0142owieka.<\/p>\n<p>Tworzymy w\u0142asne programy i w\u0142\u0105czamy do ich realizacji ca\u0142e \u015brodowisko przedszkolne, dbamy o&nbsp; wszechstronny rozw\u00f3j ka\u017cdego dziecka.[\/vc_column_text][vc_column_text]<\/p>\n<h1><span style=\"font-size: 18pt; color: #003300;\"><em><strong>Nasze przedszkole jest:<\/strong><\/em><\/span><\/h1>\n<ul>\n<li>miejscem dobrej, radosnej i bezpiecznej zabawy,<\/li>\n<li>otwarte na potrzeby dzieci i rodzic\u00f3w,<\/li>\n<li>promuje zdrowy styl \u017cycia,<\/li>\n<li>rozbudza zainteresowania otaczaj\u0105cym \u015bwiatem,<\/li>\n<li>przygotowuje dzieci do funkcjonowania w spo\u0142ecze\u0144stwie,<\/li>\n<li>zapewnia wszechstronny, bezpieczny rozw\u00f3j wszystkim przedszkolakom.<\/li>\n<\/ul>\n<p>[\/vc_column_text][vc_column_text]<img loading=\"lazy\" decoding=\"async\" class=\"size-medium wp-image-4038 alignleft\" src=\"https:\/\/przedszkole80.edu.wroclaw.pl\/wp-content\/uploads\/sites\/29\/2022\/09\/loga_wspolnie_unicef_wroclaw_-300x100.png\" alt=\"\" width=\"300\" height=\"100\" srcset=\"https:\/\/przedszkole80.edu.wroclaw.pl\/wp-content\/uploads\/sites\/29\/2022\/09\/loga_wspolnie_unicef_wroclaw_-300x100.png 300w, https:\/\/przedszkole80.edu.wroclaw.pl\/wp-content\/uploads\/sites\/29\/2022\/09\/loga_wspolnie_unicef_wroclaw_-1024x342.png 1024w, https:\/\/przedszkole80.edu.wroclaw.pl\/wp-content\/uploads\/sites\/29\/2022\/09\/loga_wspolnie_unicef_wroclaw_-768x256.png 768w, https:\/\/przedszkole80.edu.wroclaw.pl\/wp-content\/uploads\/sites\/29\/2022\/09\/loga_wspolnie_unicef_wroclaw_-600x200.png 600w, https:\/\/przedszkole80.edu.wroclaw.pl\/wp-content\/uploads\/sites\/29\/2022\/09\/loga_wspolnie_unicef_wroclaw_-1536x512.png 1536w, https:\/\/przedszkole80.edu.wroclaw.pl\/wp-content\/uploads\/sites\/29\/2022\/09\/loga_wspolnie_unicef_wroclaw_.png 1772w\" sizes=\"auto, (max-width: 300px) 100vw, 300px\" \/><img loading=\"lazy\" decoding=\"async\" class=\"size-medium wp-image-4039 alignleft\" src=\"https:\/\/przedszkole80.edu.wroclaw.pl\/wp-content\/uploads\/sites\/29\/2022\/09\/loga_wspolnie_unicef_wroclaw_2-300x100.png\" alt=\"\" width=\"300\" height=\"100\" srcset=\"https:\/\/przedszkole80.edu.wroclaw.pl\/wp-content\/uploads\/sites\/29\/2022\/09\/loga_wspolnie_unicef_wroclaw_2-300x100.png 300w, https:\/\/przedszkole80.edu.wroclaw.pl\/wp-content\/uploads\/sites\/29\/2022\/09\/loga_wspolnie_unicef_wroclaw_2-1024x342.png 1024w, https:\/\/przedszkole80.edu.wroclaw.pl\/wp-content\/uploads\/sites\/29\/2022\/09\/loga_wspolnie_unicef_wroclaw_2-768x256.png 768w, https:\/\/przedszkole80.edu.wroclaw.pl\/wp-content\/uploads\/sites\/29\/2022\/09\/loga_wspolnie_unicef_wroclaw_2-600x200.png 600w, https:\/\/przedszkole80.edu.wroclaw.pl\/wp-content\/uploads\/sites\/29\/2022\/09\/loga_wspolnie_unicef_wroclaw_2-1536x512.png 1536w, https:\/\/przedszkole80.edu.wroclaw.pl\/wp-content\/uploads\/sites\/29\/2022\/09\/loga_wspolnie_unicef_wroclaw_2.png 1772w\" sizes=\"auto, (max-width: 300px) 100vw, 300px\" \/><img loading=\"lazy\" decoding=\"async\" class=\"size-medium wp-image-4040 alignleft\" src=\"https:\/\/przedszkole80.edu.wroclaw.pl\/wp-content\/uploads\/sites\/29\/2022\/09\/loga_wspolnie_unicef_wroclaw_3-300x100.png\" alt=\"\" width=\"300\" height=\"100\" srcset=\"https:\/\/przedszkole80.edu.wroclaw.pl\/wp-content\/uploads\/sites\/29\/2022\/09\/loga_wspolnie_unicef_wroclaw_3-300x100.png 300w, https:\/\/przedszkole80.edu.wroclaw.pl\/wp-content\/uploads\/sites\/29\/2022\/09\/loga_wspolnie_unicef_wroclaw_3-1024x342.png 1024w, https:\/\/przedszkole80.edu.wroclaw.pl\/wp-content\/uploads\/sites\/29\/2022\/09\/loga_wspolnie_unicef_wroclaw_3-768x256.png 768w, https:\/\/przedszkole80.edu.wroclaw.pl\/wp-content\/uploads\/sites\/29\/2022\/09\/loga_wspolnie_unicef_wroclaw_3-600x200.png 600w, https:\/\/przedszkole80.edu.wroclaw.pl\/wp-content\/uploads\/sites\/29\/2022\/09\/loga_wspolnie_unicef_wroclaw_3-1536x512.png 1536w, https:\/\/przedszkole80.edu.wroclaw.pl\/wp-content\/uploads\/sites\/29\/2022\/09\/loga_wspolnie_unicef_wroclaw_3.png 1772w\" sizes=\"auto, (max-width: 300px) 100vw, 300px\" \/><\/p>\n<p><strong>Dotacje z UNICEF-u dla wroc\u0142awskiej edukacji<\/strong><\/p>\n<p style=\"text-align: justify;\">Ponad 24,5 mln z\u0142otych dotacji z UNICEF-u, jakie otrzyma Wroc\u0142aw na dzia\u0142ania i projekty pomocowe zwi\u0105zane z uchod\u017acami z Ukrainy przebywaj\u0105cymi w naszym mie\u015bcie, pop\u0142ynie do wroc\u0142awskich plac\u00f3wek o\u015bwiatowych.<\/p>\n<p style=\"text-align: justify;\">Pieni\u0105dze przeznaczone s\u0105 na \u015bci\u015ble okre\u015blone cele, w tym m.in. na:<\/p>\n<ul style=\"text-align: justify;\">\n<li>przygotowanie przedszkoli i szk\u00f3\u0142 do nowego roku szkolnego (w zwi\u0105zku z wi\u0119ksz\u0105 liczb\u0105 dzieci w plac\u00f3wkach) &#8211; 7,5 mln z\u0142otych,<\/li>\n<li>organizacj\u0119 wakacyjnych p\u00f3\u0142kolonii w szko\u0142ach \u2013 2 mln z\u0142otych,<\/li>\n<li>doposa\u017cenie i rozbudow\u0119 stref rekreacyjnych w 19 przedszkolach i zespo\u0142ach szkolno-przedszkolnych \u2013 ponad 1 mln z\u0142otych,<\/li>\n<li>zatrudnienie 120 asystent\u00f3w wielokulturowych \u2013 ok. 5 mln z\u0142otych,<\/li>\n<li>szkolenia podnosz\u0105ce kompetencje wielokulturowe nauczycieli \u2013 78 tys. z\u0142otych,<\/li>\n<li>szkolenia z j\u0119zyka polskiego dla 50 nauczycieli i asystent\u00f3w wielokulturowych \u2013 10 tys. z\u0142otych.<\/li>\n<\/ul>\n<p style=\"text-align: justify;\">Wroc\u0142awskie plac\u00f3wki o\u015bwiatowe otrzymaj\u0105 tak\u017ce m.in. laptopy i tablety z oprogramowaniem oraz przeno\u015bne laboratoria komputerowe (2550 szt. sprz\u0119tu).<\/p>\n<p style=\"text-align: justify;\">Realizacja zada\u0144, w ramach wsp\u00f3\u0142pracy z UNICEF-em, planowana jest do ko\u0144ca 2022 r.<\/p>\n<p>[\/vc_column_text][\/vc_column][\/vc_row][vc_row][vc_column width=&#8221;1\/5&#8243;][\/vc_column][vc_column width=&#8221;1\/5&#8243;][vc_column_text]<\/p>\n<h2 style=\"text-align: center;\">&nbsp;<\/h2>\n<p>[\/vc_column_text][\/vc_column][vc_column width=&#8221;1\/5&#8243;][vc_column_text][\/vc_column_text][\/vc_column][vc_column width=&#8221;1\/5&#8243;][vc_column_text][\/vc_column_text][\/vc_column][vc_column width=&#8221;1\/5&#8243;][vc_column_text][\/vc_column_text][\/vc_column][\/vc_row][vc_row][vc_column][vc_column_text][\/vc_column_text][vc_masonry_grid post_type=&#8221;post&#8221; max_items=&#8221;4&#8243; element_width=&#8221;3&#8243; grid_id=&#8221;vc_gid:1770200544782-d4d1d42a-f65c-4&#8243;][vc_empty_space][\/vc_column][\/vc_row]<\/p>\n<\/div>","protected":false},"excerpt":{"rendered":"<p>[vc_row row_head_color=&#8221;#575656&#8243; css=&#8221;.vc_custom_1617700412532{background-color: #bef2a7 !important;background-position: center !important;background-repeat: no-repeat !important;background-size: cover !important;border-radius: 35px !important;}&#8221;][vc_column text_align=&#8221;center&#8221; offset=&#8221;vc_col-lg-6 vc_col-md-12 vc_col-xs-12&#8243;][vc_column_text] O Przedszkolu nr 80 &nbsp;&nbsp;&nbsp;&nbsp; Przedszkole \u201eZielona Dolinka\u201d jest plac\u00f3wk\u0105 nale\u017c\u0105c\u0105 do Wroc\u0142awskiej [&hellip;]<\/p>\n","protected":false},"author":7,"featured_media":4038,"parent":0,"menu_order":0,"comment_status":"closed","ping_status":"closed","template":"","meta":{"ngg_post_thumbnail":0,"footnotes":""},"class_list":["post-15","page","type-page","status-publish","has-post-thumbnail","hentry","clearfix"],"_links":{"self":[{"href":"https:\/\/przedszkole80.edu.wroclaw.pl\/index.php\/wp-json\/wp\/v2\/pages\/15","targetHints":{"allow":["GET"]}}],"collection":[{"href":"https:\/\/przedszkole80.edu.wroclaw.pl\/index.php\/wp-json\/wp\/v2\/pages"}],"about":[{"href":"https:\/\/przedszkole80.edu.wroclaw.pl\/index.php\/wp-json\/wp\/v2\/types\/page"}],"author":[{"embeddable":true,"href":"https:\/\/przedszkole80.edu.wroclaw.pl\/index.php\/wp-json\/wp\/v2\/users\/7"}],"replies":[{"embeddable":true,"href":"https:\/\/przedszkole80.edu.wroclaw.pl\/index.php\/wp-json\/wp\/v2\/comments?post=15"}],"version-history":[{"count":92,"href":"https:\/\/przedszkole80.edu.wroclaw.pl\/index.php\/wp-json\/wp\/v2\/pages\/15\/revisions"}],"predecessor-version":[{"id":5160,"href":"https:\/\/przedszkole80.edu.wroclaw.pl\/index.php\/wp-json\/wp\/v2\/pages\/15\/revisions\/5160"}],"wp:featuredmedia":[{"embeddable":true,"href":"https:\/\/przedszkole80.edu.wroclaw.pl\/index.php\/wp-json\/wp\/v2\/media\/4038"}],"wp:attachment":[{"href":"https:\/\/przedszkole80.edu.wroclaw.pl\/index.php\/wp-json\/wp\/v2\/media?parent=15"}],"curies":[{"name":"wp","href":"https:\/\/api.w.org\/{rel}","templated":true}]}}