
{"id":181,"date":"2017-06-21T14:49:24","date_gmt":"2017-06-21T12:49:24","guid":{"rendered":"http:\/\/przedszkole80.edu.wroclaw.pl\/?page_id=181"},"modified":"2026-03-31T09:40:40","modified_gmt":"2026-03-31T07:40:40","slug":"rozklad-dnia","status":"publish","type":"page","link":"https:\/\/przedszkole80.edu.wroclaw.pl\/index.php\/dla-opiekunow\/rozklad-dnia\/","title":{"rendered":"Rozk\u0142ad dnia"},"content":{"rendered":"<div class=\"wpb-content-wrapper\"><p>[vc_row css=&#8221;.vc_custom_1613374012966{background: #edc236 url(https:\/\/przedszkole80.edu.wroclaw.pl\/wp-content\/uploads\/sites\/29\/2021\/02\/bg-vector2.png?id=2551) !important;}&#8221;][vc_column][vc_tta_tour][vc_tta_section title=&#8221;Ramowy rozk\u0142ad dnia DLA DZIECI M\u0141ODSZYCH&#8221; tab_id=&#8221;1498049415141-c399c6f2-d888&#8243;][vc_column_text]<\/p>\n<div id=\"maintxt\">\n<p><span style=\"font-family: arial, helvetica, sans-serif; font-size: 10pt; color: #000080;\"><strong>6.30\u20137.30<\/strong>&nbsp; &nbsp;&#8211; Schodzenie si\u0119 dzieci do przedszkola. Zabawy dowolne s\u0142u\u017c\u0105ce realizacji pomys\u0142\u00f3w dzieci.<\/span><\/p>\n<p><span style=\"font-family: arial, helvetica, sans-serif; font-size: 10pt; color: #000080;\"><strong>7.30\u20138.15<\/strong>&nbsp; &nbsp;&#8211; Zabawy integruj\u0105ce grup\u0119. \u0106wiczenia og\u00f3lnorozwojowe (np. rozwijaj\u0105ce percepcj\u0119 wzrokow\u0105 i s\u0142uchow\u0105,grafomotoryk\u0119). Indywidualna pomoc wspomagaj\u0105ca rozw\u00f3j dziecka. Rozmowy kierowane na tematy zgodne&nbsp;z &nbsp;&nbsp;zainteresowaniami dzieci. Zabawa ruchowa.<\/span><\/p>\n<p><span style=\"font-family: arial, helvetica, sans-serif; font-size: 10pt; color: #000080;\"><strong>8.15\u20138.30<\/strong>&nbsp;&nbsp; &nbsp;&#8211; Przygotowanie do \u015bniadania.<\/span><\/p>\n<p><span style=\"font-family: arial, helvetica, sans-serif; font-size: 10pt; color: #000080;\"><strong>8.30\u20139.00<\/strong> &nbsp;&nbsp;&nbsp;&#8211; \u015aniadanie.<\/span><\/p>\n<p><span style=\"font-family: arial, helvetica, sans-serif; font-size: 10pt; color: #000080;\"><strong>9.00\u201310.00<\/strong>&nbsp; &nbsp;&#8211; Realizacja zada\u0144 edukacyjnych poprzez zaj\u0119cia z ca\u0142\u0105 grup\u0105.<\/span><\/p>\n<p class=\"western\" align=\"left\"><span style=\"font-family: arial, helvetica, sans-serif; font-size: 10pt; color: #000080;\"><strong>Zaj\u0119cia edukacyjne<\/strong><b> <\/b>w sali lub na powietrzu prowadzone w\/g plan\u00f3w miesi\u0119cznych opracowanych przez nauczycielki dla poszczeg\u00f3lnych grup w oparciu o podstaw\u0119 programow\u0105 &#8211; uwzgl\u0119dniaj\u0105ce podzia\u0142 na grupy wiekowe w\/g&nbsp; obszar\u00f3w edukacyjnych:<\/span><\/p>\n<p><span style=\"font-size: 10pt; color: #000080;\"><strong>10.15\u201311.15<\/strong> &#8211; Spacery, zabawy dowolne na placu przedszkolnym lub w sali, zabawy ruchowe.<\/span><\/p>\n<p><span style=\"font-size: 10pt; color: #000080;\"><strong>11.15\u201311.30<\/strong> &#8211; Przygotowanie posi\u0142ku.<\/span><\/p>\n<p><span style=\"font-size: 10pt; color: #000080;\"><strong>11.30\u201312.00<\/strong> &#8211;&nbsp; Zupa +&nbsp; podwieczorek<\/span><\/p>\n<p><span style=\"font-size: 10pt; color: #000080;\"><strong>12.00\u201313.45<\/strong> &#8211; &nbsp;Le\u017cakowanie (relaksacja) przy muzyce powa\u017cnej, s\u0142uchanie bajek.<\/span><\/p>\n<p><span style=\"font-size: 10pt; color: #000080;\"><strong>13.45\u201314.00<\/strong> &#8211;&nbsp; Przygotowanie do posi\u0142ku.<\/span><\/p>\n<p><span style=\"font-size: 10pt; color: #000080;\"><strong>14.00\u201314.30<\/strong> &#8211; Obiad II danie<\/span><\/p>\n<p><span style=\"font-size: 10pt; color: #000080;\"><strong>14.30\u201317.00<\/strong> &#8211; Zabawy dowolne wed\u0142ug zainteresowa\u0144 dzieci. Zabawy dowolne zgodnie z zainteresowaniami dzieci, gry&nbsp;dydaktyczne, stolikowe, \u0107wiczenia gramatyczne, \u0107wiczenia korekcyjno &#8211; kompensacyjne, wspomaganie&nbsp;spontanicznej aktywno\u015bci dziecka.<\/span><\/p>\n<\/div>\n<p>[\/vc_column_text][\/vc_tta_section][vc_tta_section title=&#8221;Ramowy rozk\u0142ad dnia DLA DZIECI STARSZYCH&#8221; tab_id=&#8221;1498049415211-d7a36f0a-3e70&#8243;][vc_column_text]<\/p>\n<div id=\"maintxt\">\n<p><strong>6.30\u20137.30<\/strong>&nbsp;&nbsp; &nbsp;&#8211; Schodzenie si\u0119 dzieci do przedszkola. Zabawy dowolne s\u0142u\u017c\u0105ce realizacji pomys\u0142\u00f3w dzieci.<\/p>\n<p><strong>7.30\u20138.00<\/strong>&nbsp; &nbsp;&#8211; Zabawy integruj\u0105ce grup\u0119. \u0106wiczenia og\u00f3lnorozwojowe (np. rozwijaj\u0105ce percepcj\u0119 wzrokow\u0105 i s\u0142uchow\u0105, grafomotoryk\u0119). Indywidualna pomoc wspomagaj\u0105ca rozw\u00f3j dziecka. Rozmowy kierowane na tematy zgodne z &nbsp;&nbsp;zainteresowaniami dzieci.<\/p>\n<p><strong>8.00\u20138.15<\/strong>&nbsp; &#8211; &nbsp;\u0106wiczenia poranne.<\/p>\n<p><strong>8.15\u20138.30<\/strong>&nbsp; &nbsp; &#8211; Przygotowanie do \u015bniadania.<\/p>\n<p><strong>8.30\u20139.00<\/strong>&nbsp; &nbsp; &#8211; \u015aniadanie.<\/p>\n<p><strong>9.00\u201310.00<\/strong>&nbsp; &nbsp;&#8211; Realizacja zada\u0144 edukacyjnych poprzez zaj\u0119cia z ca\u0142\u0105 grup\u0105.<\/p>\n<p><strong>10.15\u201311.15<\/strong> &#8211; Spacery, zabawy dowolne na \u015bwie\u017cym powietrzu (np. w ogrodzie, na boisku, w parku,) lub w sali;<\/p>\n<p>\u0107wiczenia gimnastyczne.<\/p>\n<p><strong>11.15\u201311.30<\/strong> &#8211; Przygotowanie posi\u0142ku.<\/p>\n<p><strong>11.30\u201312.00<\/strong> &#8211;&nbsp; Zupa +&nbsp; podwieczorek<\/p>\n<p><strong>12.00\u201313.45<\/strong> &#8211; &nbsp;Relaksacja przy muzyce powa\u017cnej. &nbsp;Zabawy dydaktyczne, \u0107wiczenia graficzne, utrwalanie poznanych<\/p>\n<p>wierszy i &nbsp;piosenek. S\u0142uchanie opowiada\u0144 nauczyciela na podstawie literatury dzieci\u0119cej (ewentualnie czytanie fragment\u00f3w ksi\u0105\u017cek). Zabawy dowolne w sali lub na placu przedszkolnym.<\/p>\n<p><strong>13.45\u201314.00<\/strong> &#8211;&nbsp; Przygotowanie do posi\u0142ku.<\/p>\n<p><strong>14.00\u201314.30<\/strong> &#8211; Obiad II danie<\/p>\n<p><strong>14.30\u201317.00<\/strong> &#8211; Zabawy dowolne wed\u0142ug zainteresowa\u0144 dzieci. Zabawy dowolne zgodnie z zainteresowaniami dzieci,&nbsp;gry dydaktyczne, stolikowe, \u0107wiczenia gramatyczne, \u0107wiczenia korekcyjno &#8211; kompensacyjne, wspomaganie spontanicznej aktywno\u015bci dziecka.<\/p>\n<\/div>\n<p>[\/vc_column_text][\/vc_tta_section][\/vc_tta_tour][\/vc_column][\/vc_row]<\/p>\n<\/div>","protected":false},"excerpt":{"rendered":"<p>[vc_row css=&#8221;.vc_custom_1613374012966{background: #edc236 url(https:\/\/przedszkole80.edu.wroclaw.pl\/wp-content\/uploads\/sites\/29\/2021\/02\/bg-vector2.png?id=2551) !important;}&#8221;][vc_column][vc_tta_tour][vc_tta_section title=&#8221;Ramowy rozk\u0142ad dnia DLA DZIECI M\u0141ODSZYCH&#8221; tab_id=&#8221;1498049415141-c399c6f2-d888&#8243;][vc_column_text] 6.30\u20137.30&nbsp; &nbsp;&#8211; Schodzenie si\u0119 dzieci do przedszkola. Zabawy dowolne s\u0142u\u017c\u0105ce realizacji pomys\u0142\u00f3w dzieci. 7.30\u20138.15&nbsp; &nbsp;&#8211; Zabawy integruj\u0105ce grup\u0119. [&hellip;]<\/p>\n","protected":false},"author":15,"featured_media":0,"parent":146,"menu_order":0,"comment_status":"closed","ping_status":"closed","template":"","meta":{"ngg_post_thumbnail":0,"footnotes":""},"class_list":["post-181","page","type-page","status-publish","hentry","clearfix"],"_links":{"self":[{"href":"https:\/\/przedszkole80.edu.wroclaw.pl\/index.php\/wp-json\/wp\/v2\/pages\/181","targetHints":{"allow":["GET"]}}],"collection":[{"href":"https:\/\/przedszkole80.edu.wroclaw.pl\/index.php\/wp-json\/wp\/v2\/pages"}],"about":[{"href":"https:\/\/przedszkole80.edu.wroclaw.pl\/index.php\/wp-json\/wp\/v2\/types\/page"}],"author":[{"embeddable":true,"href":"https:\/\/przedszkole80.edu.wroclaw.pl\/index.php\/wp-json\/wp\/v2\/users\/15"}],"replies":[{"embeddable":true,"href":"https:\/\/przedszkole80.edu.wroclaw.pl\/index.php\/wp-json\/wp\/v2\/comments?post=181"}],"version-history":[{"count":20,"href":"https:\/\/przedszkole80.edu.wroclaw.pl\/index.php\/wp-json\/wp\/v2\/pages\/181\/revisions"}],"predecessor-version":[{"id":5198,"href":"https:\/\/przedszkole80.edu.wroclaw.pl\/index.php\/wp-json\/wp\/v2\/pages\/181\/revisions\/5198"}],"up":[{"embeddable":true,"href":"https:\/\/przedszkole80.edu.wroclaw.pl\/index.php\/wp-json\/wp\/v2\/pages\/146"}],"wp:attachment":[{"href":"https:\/\/przedszkole80.edu.wroclaw.pl\/index.php\/wp-json\/wp\/v2\/media?parent=181"}],"curies":[{"name":"wp","href":"https:\/\/api.w.org\/{rel}","templated":true}]}}