
{"id":223,"date":"2017-10-11T14:04:20","date_gmt":"2017-10-11T12:04:20","guid":{"rendered":"https:\/\/przedszkole80.edu.wroclaw.pl\/?page_id=223"},"modified":"2024-04-22T16:04:21","modified_gmt":"2024-04-22T14:04:21","slug":"grupa-i","status":"publish","type":"page","link":"https:\/\/przedszkole80.edu.wroclaw.pl\/index.php\/grupa-i\/","title":{"rendered":"Grupa I"},"content":{"rendered":"<div class=\"wpb-content-wrapper\"><p>[vc_row][vc_column css=&#8221;.vc_custom_1613126348062{background: #367ec1 url(https:\/\/przedszkole80.edu.wroclaw.pl\/wp-content\/uploads\/sites\/29\/2021\/02\/bg-vector2.png?id=2551) !important;}&#8221;][vc_column_text css=&#8221;.vc_custom_1613128294322{margin-top: -60px !important;margin-bottom: -5px !important;}&#8221;]<\/p>\n<h1 style=\"text-align: center\"><span style=\"font-size: 36pt;color: #ffffff\">Grupa I<\/span><\/h1>\n<p>[\/vc_column_text][vc_tta_tabs color=&#8221;white&#8221; active_section=&#8221;1&#8243;][vc_tta_section title=&#8221;O nas&#8221; tab_id=&#8221;1568810054283-656b46c2-1dad&#8221;][vc_row_inner row_color=&#8221;#ffffff&#8221; row_head_color=&#8221;#ffffff&#8221; row_link_color=&#8221;#ffffff&#8221;][vc_column_inner width=&#8221;2\/3&#8243; css=&#8221;.vc_custom_1429074013896{padding-left: 0px !important;}&#8221;][vc_message message_box_color=&#8221;white&#8221;]<span style=\"font-size: 14pt\"><img loading=\"lazy\" decoding=\"async\" class=\"size-medium wp-image-2542 alignright\" src=\"https:\/\/przedszkole80.edu.wroclaw.pl\/wp-content\/uploads\/sites\/29\/2021\/02\/grupa-I-300x225.jpg\" alt=\"Przedszkole nr 80 grupa 1\" width=\"300\" height=\"225\" srcset=\"https:\/\/przedszkole80.edu.wroclaw.pl\/wp-content\/uploads\/sites\/29\/2021\/02\/grupa-I-300x225.jpg 300w, https:\/\/przedszkole80.edu.wroclaw.pl\/wp-content\/uploads\/sites\/29\/2021\/02\/grupa-I-1024x768.jpg 1024w, https:\/\/przedszkole80.edu.wroclaw.pl\/wp-content\/uploads\/sites\/29\/2021\/02\/grupa-I-768x576.jpg 768w, https:\/\/przedszkole80.edu.wroclaw.pl\/wp-content\/uploads\/sites\/29\/2021\/02\/grupa-I-600x450.jpg 600w, https:\/\/przedszkole80.edu.wroclaw.pl\/wp-content\/uploads\/sites\/29\/2021\/02\/grupa-I-1536x1152.jpg 1536w, https:\/\/przedszkole80.edu.wroclaw.pl\/wp-content\/uploads\/sites\/29\/2021\/02\/grupa-I.jpg 1600w\" sizes=\"auto, (max-width: 300px) 100vw, 300px\" \/><span style=\"color: #000000\">Witamy w I grupie<\/span><\/span><\/p>\n<p style=\"text-align: justify\"><span style=\"color: #000000\">My maluszki mamy zawsze u\u015bmiechni\u0119te bu\u017aki.<\/span><\/p>\n<div style=\"text-align: justify\"><span style=\"color: #000000\">Do przedszkola ch\u0119tnie chodzimy i niczego si\u0119 nie boimy.<\/span><\/div>\n<div style=\"text-align: justify\"><span style=\"color: #000000\">Lubimy si\u0119 razem bawi\u0107 i \u015bmia\u0107, i bardzo szybko mija nam czas.<\/span><\/div>\n<div><\/div>\n<p>[\/vc_message][\/vc_column_inner][vc_column_inner width=&#8221;1\/3&#8243;][\/vc_column_inner][\/vc_row_inner][\/vc_tta_section][vc_tta_section title=&#8221;Aktualno\u015bci&#8221; tab_id=&#8221;1568810054338-a620e632-494f&#8221;][vc_row_inner row_color=&#8221;#ffffff&#8221; row_head_color=&#8221;#ffffff&#8221; row_link_color=&#8221;#ffffff&#8221;][vc_column_inner width=&#8221;2\/3&#8243; css=&#8221;.vc_custom_1429074013896{padding-left: 0px !important;}&#8221;][vc_column_text]<a href=\"https:\/\/przedszkole80.edu.wroclaw.pl\/wp-content\/uploads\/sites\/29\/2023\/02\/Cwiczenia-wyciszajace-dla-przedszkolakow.pdf\">\u0106wiczenia wyciszaj\u0105ce dla przedszkolak\u00f3w<\/a>[\/vc_column_text][\/vc_column_inner][vc_column_inner width=&#8221;1\/3&#8243; text_align=&#8221;right&#8221; css=&#8221;.vc_custom_1429074444664{padding-right: 0px !important;}&#8221;][vc_column_text]<\/p>\n<p>[\/vc_column_text][\/vc_column_inner][\/vc_row_inner][\/vc_tta_section][vc_tta_section title=&#8221;Tematyka&#8221; tab_id=&#8221;1568810087460-51962e9d-1af3&#8243;][vc_row_inner row_color=&#8221;#ffffff&#8221; row_head_color=&#8221;#ffffff&#8221; row_link_color=&#8221;#ffffff&#8221;][vc_column_inner width=&#8221;2\/3&#8243; css=&#8221;.vc_custom_1429074013896{padding-left: 0px !important;}&#8221;][vc_column_text][\/vc_column_text][\/vc_column_inner][vc_column_inner width=&#8221;1\/3&#8243; text_align=&#8221;right&#8221; css=&#8221;.vc_custom_1429074444664{padding-right: 0px !important;}&#8221;][vc_column_text]<\/p>\n<p>[\/vc_column_text][\/vc_column_inner][\/vc_row_inner][\/vc_tta_section][vc_tta_section title=&#8221;Angielski&#8221; tab_id=&#8221;1568810100217-3c13627d-0197&#8243;][vc_row_inner][vc_column_inner width=&#8221;2\/3&#8243;][vc_column_text]<a href=\"https:\/\/przedszkole80.edu.wroclaw.pl\/wp-content\/uploads\/sites\/29\/2023\/12\/JEZYK-ANGIELSKI-3-latki-1.docx\">J\u0118ZYK ANGIELSKI 3 latki (1)<\/a>[\/vc_column_text][\/vc_column_inner][vc_column_inner width=&#8221;1\/3&#8243;]<br \/>\n[\/vc_column_inner][\/vc_row_inner][\/vc_tta_section][vc_tta_section title=&#8221;Galeria&#8221; tab_id=&#8221;1568810112786-291e0988-9d1c&#8221;][vc_btn title=&#8221;Wejd\u017a (dost\u0119p zabezpieczony has\u0142em)&#8221; align=&#8221;right&#8221; link=&#8221;url:https%3A%2F%2Fprzedszkole80.edu.wroclaw.pl%2Findex.php%2Fgaleria-gr1%2F|title:Galeria%20gr1&#8243;][\/vc_tta_section][vc_tta_section title=&#8221;K\u0105cik logopedyczny&#8221; tab_id=&#8221;1611312128511-8528ab8f-cf6f&#8221;][vc_column_text]<a href=\"https:\/\/przedszkole80.edu.wroclaw.pl\/wp-content\/uploads\/sites\/29\/2024\/01\/bajeczka-logopedyczna.pdf\">bajeczka logopedyczna<\/a><\/p>\n<p><a href=\"https:\/\/przedszkole80.edu.wroclaw.pl\/wp-content\/uploads\/sites\/29\/2024\/01\/logopedia-dla-malucha.pdf\">logopedia dla malucha<\/a><\/p>\n<p><a href=\"https:\/\/przedszkole80.edu.wroclaw.pl\/wp-content\/uploads\/sites\/29\/2024\/01\/Chory-Stas-cwiczenia-logopedyczne.pdf\">Chory Sta\u015b \u0107wiczenia logopedyczne<\/a><\/p>\n<p><a href=\"https:\/\/przedszkole80.edu.wroclaw.pl\/wp-content\/uploads\/sites\/29\/2023\/10\/Chory-kotek.pdf\">Chory kotek<\/a><\/p>\n<p><a href=\"https:\/\/przedszkole80.edu.wroclaw.pl\/wp-content\/uploads\/sites\/29\/2022\/03\/Cwiczenia-oddechowe.pdf\">Cwiczenia-oddechowe<\/a><\/p>\n<p><a href=\"https:\/\/przedszkole80.edu.wroclaw.pl\/wp-content\/uploads\/sites\/29\/2022\/03\/slonce.pdf\">slonce<\/a><\/p>\n<p><a href=\"https:\/\/przedszkole80.edu.wroclaw.pl\/wp-content\/uploads\/sites\/29\/2022\/03\/BAJKA-W-TERAPII-LOGOPEDYCZNEJ.pdf\">BAJKA-W-TERAPII-LOGOPEDYCZNEJ<\/a><\/p>\n<p><a href=\"https:\/\/przedszkole80.edu.wroclaw.pl\/wp-content\/uploads\/sites\/29\/2022\/01\/cwiczenia-logopedyczne.pdf\">\u0107wiczenia logopedyczne \u015aniadanie <\/a><\/p>\n<p><a href=\"https:\/\/przedszkole80.edu.wroclaw.pl\/wp-content\/uploads\/sites\/29\/2022\/01\/cwiczenia-logopedyczne.pdf\">Puchatka<\/a><a href=\"https:\/\/przedszkole80.edu.wroclaw.pl\/wp-content\/uploads\/sites\/29\/2024\/03\/Kubusiowy-poranek.pdf\">Kubusiowy poranek<\/a><a href=\"https:\/\/przedszkole80.edu.wroclaw.pl\/wp-content\/uploads\/sites\/29\/2024\/04\/ZOO-cwiczenia-logopedyczne.pdf\">ZOO \u0107wiczenia logopedyczne<\/a>[\/vc_column_text][\/vc_tta_section][vc_tta_section title=&#8221;Praca zdalna&#8221; tab_id=&#8221;1617104413451-512e0450-5da8&#8243;][vc_column_text][\/vc_column_text][\/vc_tta_section][\/vc_tta_tabs][vc_empty_space height=&#8221;80px&#8221;][\/vc_column][\/vc_row]<\/p>\n<\/div>","protected":false},"excerpt":{"rendered":"<p>[vc_row][vc_column css=&#8221;.vc_custom_1613126348062{background: #367ec1 url(https:\/\/przedszkole80.edu.wroclaw.pl\/wp-content\/uploads\/sites\/29\/2021\/02\/bg-vector2.png?id=2551) !important;}&#8221;][vc_column_text css=&#8221;.vc_custom_1613128294322{margin-top: -60px !important;margin-bottom: -5px !important;}&#8221;] Grupa I [\/vc_column_text][vc_tta_tabs color=&#8221;white&#8221; active_section=&#8221;1&#8243;][vc_tta_section title=&#8221;O nas&#8221; tab_id=&#8221;1568810054283-656b46c2-1dad&#8221;][vc_row_inner row_color=&#8221;#ffffff&#8221; row_head_color=&#8221;#ffffff&#8221; row_link_color=&#8221;#ffffff&#8221;][vc_column_inner width=&#8221;2\/3&#8243; css=&#8221;.vc_custom_1429074013896{padding-left: 0px !important;}&#8221;][vc_message message_box_color=&#8221;white&#8221;]Witamy w I grupie My [&hellip;]<\/p>\n","protected":false},"author":7,"featured_media":0,"parent":0,"menu_order":0,"comment_status":"closed","ping_status":"closed","template":"","meta":{"ngg_post_thumbnail":0,"footnotes":""},"class_list":["post-223","page","type-page","status-publish","hentry","clearfix"],"_links":{"self":[{"href":"https:\/\/przedszkole80.edu.wroclaw.pl\/index.php\/wp-json\/wp\/v2\/pages\/223","targetHints":{"allow":["GET"]}}],"collection":[{"href":"https:\/\/przedszkole80.edu.wroclaw.pl\/index.php\/wp-json\/wp\/v2\/pages"}],"about":[{"href":"https:\/\/przedszkole80.edu.wroclaw.pl\/index.php\/wp-json\/wp\/v2\/types\/page"}],"author":[{"embeddable":true,"href":"https:\/\/przedszkole80.edu.wroclaw.pl\/index.php\/wp-json\/wp\/v2\/users\/7"}],"replies":[{"embeddable":true,"href":"https:\/\/przedszkole80.edu.wroclaw.pl\/index.php\/wp-json\/wp\/v2\/comments?post=223"}],"version-history":[{"count":189,"href":"https:\/\/przedszkole80.edu.wroclaw.pl\/index.php\/wp-json\/wp\/v2\/pages\/223\/revisions"}],"predecessor-version":[{"id":4732,"href":"https:\/\/przedszkole80.edu.wroclaw.pl\/index.php\/wp-json\/wp\/v2\/pages\/223\/revisions\/4732"}],"wp:attachment":[{"href":"https:\/\/przedszkole80.edu.wroclaw.pl\/index.php\/wp-json\/wp\/v2\/media?parent=223"}],"curies":[{"name":"wp","href":"https:\/\/api.w.org\/{rel}","templated":true}]}}