
{"id":241,"date":"2017-10-11T14:29:20","date_gmt":"2017-10-11T12:29:20","guid":{"rendered":"https:\/\/przedszkole80.edu.wroclaw.pl\/?page_id=241"},"modified":"2024-04-22T16:05:09","modified_gmt":"2024-04-22T14:05:09","slug":"grupa-ii","status":"publish","type":"page","link":"https:\/\/przedszkole80.edu.wroclaw.pl\/index.php\/grupa-ii\/","title":{"rendered":"Grupa II"},"content":{"rendered":"<div class=\"wpb-content-wrapper\"><p>[vc_row][vc_column css=&#8221;.vc_custom_1613126249496{background: #598128 url(https:\/\/przedszkole80.edu.wroclaw.pl\/wp-content\/uploads\/sites\/29\/2021\/02\/bg-vector2.png?id=2551) !important;}&#8221;][vc_column_text css=&#8221;.vc_custom_1613128336665{margin-top: -60px !important;margin-bottom: -5px !important;}&#8221;]<\/p>\n<h1 style=\"text-align: center\"><span style=\"color: #ffffff;font-size: 36pt\">Grupa II<\/span><\/h1>\n<p>[\/vc_column_text][vc_tta_tabs active_section=&#8221;1&#8243;][vc_tta_section title=&#8221;O nas&#8221; tab_id=&#8221;1568810896055-47f78708-69aa&#8221;][vc_row_inner row_color=&#8221;#ffffff&#8221; row_head_color=&#8221;#ffffff&#8221; row_link_color=&#8221;#ffffff&#8221;][vc_column_inner width=&#8221;2\/3&#8243; css=&#8221;.vc_custom_1429074013896{padding-left: 0px !important;}&#8221;][vc_column_text]<img loading=\"lazy\" decoding=\"async\" class=\"wp-image-2541 alignright\" src=\"https:\/\/przedszkole80.edu.wroclaw.pl\/wp-content\/uploads\/sites\/29\/2021\/02\/grupa-II-300x225.jpg\" alt=\"Przedszkole nr 80 grupa 2\" width=\"321\" height=\"241\" srcset=\"https:\/\/przedszkole80.edu.wroclaw.pl\/wp-content\/uploads\/sites\/29\/2021\/02\/grupa-II-300x225.jpg 300w, https:\/\/przedszkole80.edu.wroclaw.pl\/wp-content\/uploads\/sites\/29\/2021\/02\/grupa-II-1024x768.jpg 1024w, https:\/\/przedszkole80.edu.wroclaw.pl\/wp-content\/uploads\/sites\/29\/2021\/02\/grupa-II-768x576.jpg 768w, https:\/\/przedszkole80.edu.wroclaw.pl\/wp-content\/uploads\/sites\/29\/2021\/02\/grupa-II-600x450.jpg 600w, https:\/\/przedszkole80.edu.wroclaw.pl\/wp-content\/uploads\/sites\/29\/2021\/02\/grupa-II-1536x1152.jpg 1536w, https:\/\/przedszkole80.edu.wroclaw.pl\/wp-content\/uploads\/sites\/29\/2021\/02\/grupa-II.jpg 1600w\" sizes=\"auto, (max-width: 321px) 100vw, 321px\" \/><\/p>\n<p>My jeste\u015bmy grup\u0105 KRASNALI,<\/p>\n<p>ma\u0142e n\u00f3\u017cki, ma\u0142e \u0142apki.<\/p>\n<p>Do przedszkola przychodzimy,<\/p>\n<p>wszyscy dobrze si\u0119 bawimy.<\/p>\n<p>Naszej pani si\u0119 s\u0142uchamy,<\/p>\n<p>zawsze ch\u0119tnie pomagamy.[\/vc_column_text][\/vc_column_inner][vc_column_inner width=&#8221;1\/3&#8243; text_align=&#8221;right&#8221; css=&#8221;.vc_custom_1429074444664{padding-right: 0px !important;}&#8221;][vc_empty_space height=&#8221;10px&#8221;][vc_column_text]<\/p>\n<p>[\/vc_column_text][\/vc_column_inner][\/vc_row_inner][\/vc_tta_section][vc_tta_section title=&#8221;Angielski&#8221; tab_id=&#8221;1568810896092-73c3d115-413f&#8221;][vc_row_inner][vc_column_inner width=&#8221;2\/3&#8243;][vc_column_text]<a href=\"https:\/\/przedszkole80.edu.wroclaw.pl\/wp-content\/uploads\/sites\/29\/2023\/12\/JEZYK-ANGIELSKI-4-latki-1.docx\">J\u0118ZYK ANGIELSKI 4 latki (1)<\/a>[\/vc_column_text][\/vc_column_inner][vc_column_inner width=&#8221;1\/3&#8243;]<br \/>\n[\/vc_column_inner][\/vc_row_inner][\/vc_tta_section][vc_tta_section title=&#8221;Galeria&#8221; tab_id=&#8221;1568810918228-34a79fff-3801&#8243;][vc_btn title=&#8221;Wejd\u017a (dost\u0119p zabezpieczony has\u0142em)&#8221; align=&#8221;right&#8221; link=&#8221;url:https%3A%2F%2Fprzedszkole80.edu.wroclaw.pl%2Findex.php%2Fgaleria-gr2%2F|title:Galeria%20gr2&#8243;][\/vc_tta_section][vc_tta_section title=&#8221;Tematyka&#8221; tab_id=&#8221;1568810928895-16af7037-a68e&#8221;][vc_column_text][\/vc_column_text][\/vc_tta_section][vc_tta_section title=&#8221;K\u0105cik logopedyczny&#8221; tab_id=&#8221;1611571919253-b3f617cf-0d74&#8243;][vc_column_text]<a href=\"https:\/\/przedszkole80.edu.wroclaw.pl\/wp-content\/uploads\/sites\/29\/2024\/01\/bajeczka-logopedyczna.pdf\">bajeczka logopedyczna<\/a><\/p>\n<p><a href=\"https:\/\/przedszkole80.edu.wroclaw.pl\/wp-content\/uploads\/sites\/29\/2024\/01\/logopedia-dla-malucha.pdf\">logopedia dla malucha<\/a><\/p>\n<p><a href=\"https:\/\/przedszkole80.edu.wroclaw.pl\/wp-content\/uploads\/sites\/29\/2024\/01\/Chory-Stas-cwiczenia-logopedyczne.pdf\">Chory Sta\u015b \u0107wiczenia logopedyczne<\/a><\/p>\n<p><a href=\"https:\/\/przedszkole80.edu.wroclaw.pl\/wp-content\/uploads\/sites\/29\/2023\/10\/Chory-kotek.pdf\">Chory kotek<\/a><\/p>\n<p><a href=\"https:\/\/przedszkole80.edu.wroclaw.pl\/wp-content\/uploads\/sites\/29\/2021\/04\/slonce.docx\">s\u0142o\u0144ce<\/a><\/p>\n<p><a href=\"https:\/\/przedszkole80.edu.wroclaw.pl\/wp-content\/uploads\/sites\/29\/2021\/01\/BAJKA-W-TERAPII-LOGOPEDYCZNEJ.docx\">BAJKA W TERAPII LOGOPEDYCZNEJ<\/a><\/p>\n<p><a href=\"https:\/\/przedszkole80.edu.wroclaw.pl\/wp-content\/uploads\/sites\/29\/2021\/03\/Cwiczenia-oddechowe.docx\">\u0106wiczenia oddechowe<\/a><\/p>\n<p><a href=\"https:\/\/przedszkole80.edu.wroclaw.pl\/wp-content\/uploads\/sites\/29\/2023\/02\/Cwiczenia-wyciszajace-dla-przedszkolakow.pdf\">\u0106wiczenia wyciszaj\u0105ce dla przedszkolak\u00f3w<\/a><\/p>\n<p><a href=\"https:\/\/przedszkole80.edu.wroclaw.pl\/wp-content\/uploads\/sites\/29\/2024\/03\/Kubusiowy-poranek.pdf\">Kubusiowy poranek<\/a><\/p>\n<p><a href=\"https:\/\/przedszkole80.edu.wroclaw.pl\/wp-content\/uploads\/sites\/29\/2024\/04\/ZOO-cwiczenia-logopedyczne.pdf\">ZOO \u0107wiczenia logopedyczne<\/a>[\/vc_column_text][\/vc_tta_section][vc_tta_section title=&#8221;Praca zdalna&#8221; tab_id=&#8221;1617104312484-ba50b8c1-9d4b&#8221;][vc_column_text][\/vc_column_text][\/vc_tta_section][\/vc_tta_tabs][vc_empty_space height=&#8221;80px&#8221;][\/vc_column][\/vc_row][vc_row][vc_column][vc_column_text]<a href=\"https:\/\/przedszkole80.edu.wroclaw.pl\/wp-content\/uploads\/sites\/29\/2021\/01\/BAJKA-W-TERAPII-LOGOPEDYCZNEJ.docx\">BAJKA W TERAPII LOGOPEDYCZNEJ<\/a>[\/vc_column_text][\/vc_column][\/vc_row]<\/p>\n<\/div>","protected":false},"excerpt":{"rendered":"<p>[vc_row][vc_column css=&#8221;.vc_custom_1613126249496{background: #598128 url(https:\/\/przedszkole80.edu.wroclaw.pl\/wp-content\/uploads\/sites\/29\/2021\/02\/bg-vector2.png?id=2551) !important;}&#8221;][vc_column_text css=&#8221;.vc_custom_1613128336665{margin-top: -60px !important;margin-bottom: -5px !important;}&#8221;] Grupa II [\/vc_column_text][vc_tta_tabs active_section=&#8221;1&#8243;][vc_tta_section title=&#8221;O nas&#8221; tab_id=&#8221;1568810896055-47f78708-69aa&#8221;][vc_row_inner row_color=&#8221;#ffffff&#8221; row_head_color=&#8221;#ffffff&#8221; row_link_color=&#8221;#ffffff&#8221;][vc_column_inner width=&#8221;2\/3&#8243; css=&#8221;.vc_custom_1429074013896{padding-left: 0px !important;}&#8221;][vc_column_text] My jeste\u015bmy grup\u0105 KRASNALI, ma\u0142e n\u00f3\u017cki, [&hellip;]<\/p>\n","protected":false},"author":7,"featured_media":0,"parent":0,"menu_order":0,"comment_status":"closed","ping_status":"closed","template":"","meta":{"ngg_post_thumbnail":0,"footnotes":""},"class_list":["post-241","page","type-page","status-publish","hentry","clearfix"],"_links":{"self":[{"href":"https:\/\/przedszkole80.edu.wroclaw.pl\/index.php\/wp-json\/wp\/v2\/pages\/241","targetHints":{"allow":["GET"]}}],"collection":[{"href":"https:\/\/przedszkole80.edu.wroclaw.pl\/index.php\/wp-json\/wp\/v2\/pages"}],"about":[{"href":"https:\/\/przedszkole80.edu.wroclaw.pl\/index.php\/wp-json\/wp\/v2\/types\/page"}],"author":[{"embeddable":true,"href":"https:\/\/przedszkole80.edu.wroclaw.pl\/index.php\/wp-json\/wp\/v2\/users\/7"}],"replies":[{"embeddable":true,"href":"https:\/\/przedszkole80.edu.wroclaw.pl\/index.php\/wp-json\/wp\/v2\/comments?post=241"}],"version-history":[{"count":170,"href":"https:\/\/przedszkole80.edu.wroclaw.pl\/index.php\/wp-json\/wp\/v2\/pages\/241\/revisions"}],"predecessor-version":[{"id":4733,"href":"https:\/\/przedszkole80.edu.wroclaw.pl\/index.php\/wp-json\/wp\/v2\/pages\/241\/revisions\/4733"}],"wp:attachment":[{"href":"https:\/\/przedszkole80.edu.wroclaw.pl\/index.php\/wp-json\/wp\/v2\/media?parent=241"}],"curies":[{"name":"wp","href":"https:\/\/api.w.org\/{rel}","templated":true}]}}