
{"id":243,"date":"2017-10-11T14:29:51","date_gmt":"2017-10-11T12:29:51","guid":{"rendered":"https:\/\/przedszkole80.edu.wroclaw.pl\/?page_id=243"},"modified":"2024-04-22T16:05:47","modified_gmt":"2024-04-22T14:05:47","slug":"grupa-iii","status":"publish","type":"page","link":"https:\/\/przedszkole80.edu.wroclaw.pl\/index.php\/grupa-iii\/","title":{"rendered":"Grupa III"},"content":{"rendered":"<div class=\"wpb-content-wrapper\"><p>[vc_row][vc_column css=&#8221;.vc_custom_1613117478944{background: #dd3333 url(https:\/\/przedszkole80.edu.wroclaw.pl\/wp-content\/uploads\/sites\/29\/2021\/02\/bg-vector2.png?id=2551) !important;}&#8221;][vc_column_text css=&#8221;.vc_custom_1613128372116{margin-top: -60px !important;margin-bottom: -5px !important;}&#8221;]<\/p>\n<h1 style=\"text-align: center\"><span style=\"color: #ffffff;font-size: 36pt\">Grupa III<\/span><\/h1>\n<p>[\/vc_column_text][vc_tta_tabs][vc_tta_section title=&#8221;O nas&#8221; tab_id=&#8221;1568811750955-527c60d2-d1d9&#8243;][vc_row_inner row_color=&#8221;#ffffff&#8221; row_head_color=&#8221;#ffffff&#8221; row_link_color=&#8221;#ffffff&#8221;][vc_column_inner width=&#8221;2\/3&#8243; css=&#8221;.vc_custom_1429074013896{padding-left: 0px !important;}&#8221;][vc_column_text]<span style=\"color: #008000\"><span style=\"color: #008000\"><b><img loading=\"lazy\" decoding=\"async\" class=\"size-medium wp-image-2540 alignright\" src=\"https:\/\/przedszkole80.edu.wroclaw.pl\/wp-content\/uploads\/sites\/29\/2021\/02\/grupa-III-300x225.jpg\" alt=\"Przedszkole nr 80 grupa 3\" width=\"300\" height=\"225\" srcset=\"https:\/\/przedszkole80.edu.wroclaw.pl\/wp-content\/uploads\/sites\/29\/2021\/02\/grupa-III-300x225.jpg 300w, https:\/\/przedszkole80.edu.wroclaw.pl\/wp-content\/uploads\/sites\/29\/2021\/02\/grupa-III-1024x768.jpg 1024w, https:\/\/przedszkole80.edu.wroclaw.pl\/wp-content\/uploads\/sites\/29\/2021\/02\/grupa-III-768x576.jpg 768w, https:\/\/przedszkole80.edu.wroclaw.pl\/wp-content\/uploads\/sites\/29\/2021\/02\/grupa-III-600x450.jpg 600w, https:\/\/przedszkole80.edu.wroclaw.pl\/wp-content\/uploads\/sites\/29\/2021\/02\/grupa-III-1536x1152.jpg 1536w, https:\/\/przedszkole80.edu.wroclaw.pl\/wp-content\/uploads\/sites\/29\/2021\/02\/grupa-III.jpg 1600w\" sizes=\"auto, (max-width: 300px) 100vw, 300px\" \/><\/b><\/span><\/span><strong>\u017bABKI<\/strong>\u00a0&#8211; <strong>to my &#8211; dzielne przedszkolaki \u2013 \u201e\u015bredniaki\u201d.<\/strong><\/p>\n<p>W naszej przedszkolnej gromadce czujemy si\u0119 wspaniale, bawimy i uczymy wytrwale.K\u0105cik\u00f3w do zabawy mamy wiele i bawimy si\u0119 wszyscy jak przyjaciele. Gry, puzzle, uk\u0142adanki, r\u00f3\u017cne malowanki cierpliwo\u015bci wymagaj\u0105, ale \u015bwietnie rozwijaj\u0105. W ci\u0105gu dnia ta\u0144czymy, \u015bpiewamy i w naszym przedszkolnym ogr\u00f3dku ch\u0119tnie przebywamy<\/p>\n<p>Jeste\u015bmy weseli, u\u015bmiechni\u0119ci, ciekawi \u015bwiata i pe\u0142ni zapa\u0142u do zabawy i pracy.Szanujemy swoj\u0105 prac\u0119 i prac\u0119 koleg\u00f3w, uczymy si\u0119 wsp\u00f3\u0142dzia\u0142a\u0107 w grupie. O nasz\u0105 sal\u0119 dbamy, a zabawki na miejsce pi\u0119knie odk\u0142adamy.<strong><br \/>\n<\/strong>[\/vc_column_text][\/vc_column_inner][vc_column_inner width=&#8221;1\/3&#8243; text_align=&#8221;right&#8221; css=&#8221;.vc_custom_1429074444664{padding-right: 0px !important;}&#8221;][vc_empty_space height=&#8221;10px&#8221;][vc_column_text]<\/p>\n<p>[\/vc_column_text][\/vc_column_inner][\/vc_row_inner][\/vc_tta_section][vc_tta_section title=&#8221;Aktualno\u015bci&#8221; tab_id=&#8221;1568811750998-f619bb39-f77b&#8221;][vc_row_inner row_color=&#8221;#ffffff&#8221; row_head_color=&#8221;#ffffff&#8221; row_link_color=&#8221;#ffffff&#8221;][vc_column_inner width=&#8221;2\/3&#8243; css=&#8221;.vc_custom_1429074013896{padding-left: 0px !important;}&#8221;][vc_column_text]<\/p>\n<div><\/div>\n<div>\n<div>\n<p class=\"gmail-m_6433978170994730366gmail-MsoNormal\"><a href=\"https:\/\/przedszkole80.edu.wroclaw.pl\/wp-content\/uploads\/sites\/29\/2023\/02\/Cwiczenia-wyciszajace-dla-przedszkolakow.pdf\">\u0106wiczenia wyciszaj\u0105ce dla przedszkolak\u00f3w<\/a><\/p>\n<\/div>\n<\/div>\n<p>[\/vc_column_text][\/vc_column_inner][vc_column_inner width=&#8221;1\/3&#8243; text_align=&#8221;right&#8221; css=&#8221;.vc_custom_1429074444664{padding-right: 0px !important;}&#8221;][vc_column_text]<\/p>\n<p>[\/vc_column_text][\/vc_column_inner][\/vc_row_inner][\/vc_tta_section][vc_tta_section title=&#8221;Tematyka&#8221; tab_id=&#8221;1568811757636-21c84cb5-ac24&#8243;][vc_row_inner row_color=&#8221;#ffffff&#8221; row_head_color=&#8221;#ffffff&#8221; row_link_color=&#8221;#ffffff&#8221;][vc_column_inner width=&#8221;2\/3&#8243; css=&#8221;.vc_custom_1429074013896{padding-left: 0px !important;}&#8221;][vc_column_text][\/vc_column_text][\/vc_column_inner][vc_column_inner width=&#8221;1\/3&#8243; text_align=&#8221;right&#8221; css=&#8221;.vc_custom_1429074444664{padding-right: 0px !important;}&#8221;][vc_column_text]<\/p>\n<p>[\/vc_column_text][\/vc_column_inner][\/vc_row_inner][\/vc_tta_section][vc_tta_section title=&#8221;Angielski&#8221; tab_id=&#8221;1568811758825-1cdb4c1f-8aa4&#8243;][vc_row_inner][vc_column_inner width=&#8221;2\/3&#8243;][vc_column_text]<a href=\"https:\/\/przedszkole80.edu.wroclaw.pl\/wp-content\/uploads\/sites\/29\/2023\/12\/JEZYK-ANGIELSKI-56-latki-1.docx\">J\u0118ZYK ANGIELSKI 5,6 latki (1)<\/a>[\/vc_column_text][\/vc_column_inner][vc_column_inner width=&#8221;1\/3&#8243;]<br \/>\n[\/vc_column_inner][\/vc_row_inner][\/vc_tta_section][vc_tta_section title=&#8221;Galeria&#8221; tab_id=&#8221;1568811759765-4c4f8ebf-305a&#8221;][vc_btn title=&#8221;Wejd\u017a (dost\u0119p zabezpieczony has\u0142em)&#8221; style=&#8221;classic&#8221; size=&#8221;lg&#8221; align=&#8221;right&#8221; link=&#8221;url:https%3A%2F%2Fprzedszkole80.edu.wroclaw.pl%2Findex.php%2Fgaleria-gr3%2F|title:Galeria%20gr3&#8243;][\/vc_tta_section][vc_tta_section title=&#8221;K\u0105cik logopedyczny&#8221; tab_id=&#8221;1611572026486-01231486-b3af&#8221;][vc_column_text]<a href=\"https:\/\/przedszkole80.edu.wroclaw.pl\/wp-content\/uploads\/sites\/29\/2024\/01\/bajeczka-logopedyczna.pdf\">bajeczka logopedyczna<\/a><\/p>\n<p><a href=\"https:\/\/przedszkole80.edu.wroclaw.pl\/wp-content\/uploads\/sites\/29\/2024\/01\/Chory-Stas-cwiczenia-logopedyczne.pdf\">Chory Sta\u015b \u0107wiczenia logopedyczne<\/a><\/p>\n<p><a href=\"https:\/\/przedszkole80.edu.wroclaw.pl\/wp-content\/uploads\/sites\/29\/2023\/10\/Chory-kotek.pdf\">Chory kotek<\/a><\/p>\n<p><a href=\"https:\/\/przedszkole80.edu.wroclaw.pl\/wp-content\/uploads\/sites\/29\/2021\/04\/slonce.docx\">s\u0142o\u0144ce<\/a><\/p>\n<p><a href=\"https:\/\/przedszkole80.edu.wroclaw.pl\/wp-content\/uploads\/sites\/29\/2021\/01\/Gloski-szumiace-zestaw-cwiczen-narzadow-mowy.docx\">G\u0142oski szumi\u0105ce zestaw \u0107wicze\u0144 narz\u0105d\u00f3w mowy<\/a><\/p>\n<p><a href=\"https:\/\/przedszkole80.edu.wroclaw.pl\/wp-content\/uploads\/sites\/29\/2021\/03\/Cwiczenia-oddechowe.docx\">\u0106wiczenia oddechowe<\/a><\/p>\n<p><a href=\"https:\/\/przedszkole80.edu.wroclaw.pl\/wp-content\/uploads\/sites\/29\/2024\/03\/Kubusiowy-poranek.pdf\">Kubusiowy poranek<\/a><\/p>\n<p><a href=\"https:\/\/przedszkole80.edu.wroclaw.pl\/wp-content\/uploads\/sites\/29\/2024\/04\/ZOO-cwiczenia-logopedyczne.pdf\">ZOO \u0107wiczenia logopedyczne<\/a>[\/vc_column_text][\/vc_tta_section][vc_tta_section title=&#8221;Praca zdalna&#8221; tab_id=&#8221;1617099972382-84b5ee51-b94f&#8221;][vc_column_text][\/vc_column_text][\/vc_tta_section][\/vc_tta_tabs][vc_empty_space height=&#8221;80px&#8221;][\/vc_column][\/vc_row][vc_row][vc_column][vc_column_text]<a href=\"https:\/\/przedszkole80.edu.wroclaw.pl\/wp-content\/uploads\/sites\/29\/2021\/01\/Gloski-szumiace-zestaw-cwiczen-narzadow-mowy.docx\">G\u0142oski szumi\u0105ce zestaw \u0107wicze\u0144 narz\u0105d\u00f3w mowy<\/a>[\/vc_column_text][\/vc_column][\/vc_row]<\/p>\n<\/div>","protected":false},"excerpt":{"rendered":"<p>[vc_row][vc_column css=&#8221;.vc_custom_1613117478944{background: #dd3333 url(https:\/\/przedszkole80.edu.wroclaw.pl\/wp-content\/uploads\/sites\/29\/2021\/02\/bg-vector2.png?id=2551) !important;}&#8221;][vc_column_text css=&#8221;.vc_custom_1613128372116{margin-top: -60px !important;margin-bottom: -5px !important;}&#8221;] Grupa III [\/vc_column_text][vc_tta_tabs][vc_tta_section title=&#8221;O nas&#8221; tab_id=&#8221;1568811750955-527c60d2-d1d9&#8243;][vc_row_inner row_color=&#8221;#ffffff&#8221; row_head_color=&#8221;#ffffff&#8221; row_link_color=&#8221;#ffffff&#8221;][vc_column_inner width=&#8221;2\/3&#8243; css=&#8221;.vc_custom_1429074013896{padding-left: 0px !important;}&#8221;][vc_column_text]\u017bABKI\u00a0&#8211; to my &#8211; dzielne przedszkolaki \u2013 \u201e\u015bredniaki\u201d. [&hellip;]<\/p>\n","protected":false},"author":7,"featured_media":0,"parent":0,"menu_order":0,"comment_status":"closed","ping_status":"closed","template":"","meta":{"ngg_post_thumbnail":0,"footnotes":""},"class_list":["post-243","page","type-page","status-publish","hentry","clearfix"],"_links":{"self":[{"href":"https:\/\/przedszkole80.edu.wroclaw.pl\/index.php\/wp-json\/wp\/v2\/pages\/243","targetHints":{"allow":["GET"]}}],"collection":[{"href":"https:\/\/przedszkole80.edu.wroclaw.pl\/index.php\/wp-json\/wp\/v2\/pages"}],"about":[{"href":"https:\/\/przedszkole80.edu.wroclaw.pl\/index.php\/wp-json\/wp\/v2\/types\/page"}],"author":[{"embeddable":true,"href":"https:\/\/przedszkole80.edu.wroclaw.pl\/index.php\/wp-json\/wp\/v2\/users\/7"}],"replies":[{"embeddable":true,"href":"https:\/\/przedszkole80.edu.wroclaw.pl\/index.php\/wp-json\/wp\/v2\/comments?post=243"}],"version-history":[{"count":184,"href":"https:\/\/przedszkole80.edu.wroclaw.pl\/index.php\/wp-json\/wp\/v2\/pages\/243\/revisions"}],"predecessor-version":[{"id":4734,"href":"https:\/\/przedszkole80.edu.wroclaw.pl\/index.php\/wp-json\/wp\/v2\/pages\/243\/revisions\/4734"}],"wp:attachment":[{"href":"https:\/\/przedszkole80.edu.wroclaw.pl\/index.php\/wp-json\/wp\/v2\/media?parent=243"}],"curies":[{"name":"wp","href":"https:\/\/api.w.org\/{rel}","templated":true}]}}