
{"id":245,"date":"2017-10-11T14:30:14","date_gmt":"2017-10-11T12:30:14","guid":{"rendered":"https:\/\/przedszkole80.edu.wroclaw.pl\/?page_id=245"},"modified":"2024-04-22T16:06:22","modified_gmt":"2024-04-22T14:06:22","slug":"grupa-iv","status":"publish","type":"page","link":"https:\/\/przedszkole80.edu.wroclaw.pl\/index.php\/grupa-iv\/","title":{"rendered":"Grupa IV"},"content":{"rendered":"<div class=\"wpb-content-wrapper\"><p>[vc_row][vc_column css=&#8221;.vc_custom_1613128100880{background: #9d691b url(https:\/\/przedszkole80.edu.wroclaw.pl\/wp-content\/uploads\/sites\/29\/2021\/02\/bg-vector2.png?id=2551) !important;}&#8221;][vc_column_text css=&#8221;.vc_custom_1613128253442{margin-top: -60px !important;margin-bottom: -5px !important;}&#8221;]<\/p>\n<h1 style=\"text-align: center\"><span style=\"color: #ffffff;font-size: 36pt\">Grupa IV<\/span><\/h1>\n<p>[\/vc_column_text][vc_tta_tabs active_section=&#8221;1&#8243;][vc_tta_section title=&#8221;O nas&#8221; tab_id=&#8221;1568812206058-50f5386d-869d&#8221;][vc_row_inner row_color=&#8221;#ffffff&#8221; row_head_color=&#8221;#ffffff&#8221; row_link_color=&#8221;#ffffff&#8221;][vc_column_inner width=&#8221;2\/3&#8243; css=&#8221;.vc_custom_1429074013896{padding-left: 0px !important;}&#8221;][vc_column_text]<strong style=\"font-size: 18.6667px\"><img loading=\"lazy\" decoding=\"async\" class=\"size-medium wp-image-2543 alignright\" src=\"https:\/\/przedszkole80.edu.wroclaw.pl\/wp-content\/uploads\/sites\/29\/2021\/02\/grupa-IV-300x225.jpg\" alt=\"Przedszkole nr 80 grupa 4\" width=\"300\" height=\"225\" srcset=\"https:\/\/przedszkole80.edu.wroclaw.pl\/wp-content\/uploads\/sites\/29\/2021\/02\/grupa-IV-300x225.jpg 300w, https:\/\/przedszkole80.edu.wroclaw.pl\/wp-content\/uploads\/sites\/29\/2021\/02\/grupa-IV-1024x768.jpg 1024w, https:\/\/przedszkole80.edu.wroclaw.pl\/wp-content\/uploads\/sites\/29\/2021\/02\/grupa-IV-768x576.jpg 768w, https:\/\/przedszkole80.edu.wroclaw.pl\/wp-content\/uploads\/sites\/29\/2021\/02\/grupa-IV-600x450.jpg 600w, https:\/\/przedszkole80.edu.wroclaw.pl\/wp-content\/uploads\/sites\/29\/2021\/02\/grupa-IV-1536x1152.jpg 1536w, https:\/\/przedszkole80.edu.wroclaw.pl\/wp-content\/uploads\/sites\/29\/2021\/02\/grupa-IV.jpg 1600w\" sizes=\"auto, (max-width: 300px) 100vw, 300px\" \/><\/strong><\/p>\n<p style=\"text-align: left\">MOTYLKI z zer\u00f3wki<\/p>\n<p style=\"text-align: left\">s\u0105 bardzo pracowite.<\/p>\n<p style=\"text-align: left\">Maluj\u0105, lepi\u0105, tn\u0105 no\u017cyczkami,<\/p>\n<p style=\"text-align: left\">\u015bpiewaj\u0105, skacz\u0105 i bawi\u0105 si\u0119 klockami.<\/p>\n<p style=\"text-align: left\">G\u0142owy i paluszki musz\u0105 du\u017co \u0107wiczy\u0107,<\/p>\n<p style=\"text-align: left\">by w pierwszej klasie czyta\u0107, pisa\u0107 i liczy\u0107.<\/p>\n<p>[\/vc_column_text][\/vc_column_inner][vc_column_inner width=&#8221;1\/3&#8243; text_align=&#8221;right&#8221; css=&#8221;.vc_custom_1429074444664{padding-right: 0px !important;}&#8221;][vc_empty_space height=&#8221;10px&#8221;][vc_column_text]<\/p>\n<p>[\/vc_column_text][\/vc_column_inner][\/vc_row_inner][\/vc_tta_section][vc_tta_section title=&#8221;Aktualno\u015bci&#8221; tab_id=&#8221;1568812206113-6b8989cb-614e&#8221;][vc_row_inner row_color=&#8221;#ffffff&#8221; row_head_color=&#8221;#ffffff&#8221; row_link_color=&#8221;#ffffff&#8221;][vc_column_inner width=&#8221;2\/3&#8243; css=&#8221;.vc_custom_1429074013896{padding-left: 0px !important;}&#8221;][vc_column_text]<a href=\"https:\/\/przedszkole80.edu.wroclaw.pl\/wp-content\/uploads\/sites\/29\/2023\/02\/Cwiczenia-wyciszajace-dla-przedszkolakow.pdf\">\u0106wiczenia wyciszaj\u0105ce dla przedszkolak\u00f3w<\/a>[\/vc_column_text][\/vc_column_inner][vc_column_inner width=&#8221;1\/3&#8243; text_align=&#8221;right&#8221; css=&#8221;.vc_custom_1429074444664{padding-right: 0px !important;}&#8221;][vc_column_text]<\/p>\n<p>[\/vc_column_text][\/vc_column_inner][\/vc_row_inner][\/vc_tta_section][vc_tta_section title=&#8221;Angielski&#8221; tab_id=&#8221;1568812208571-1dad0260-e7aa&#8221;][vc_row_inner][vc_column_inner width=&#8221;2\/3&#8243;][vc_column_text]<a href=\"https:\/\/przedszkole80.edu.wroclaw.pl\/wp-content\/uploads\/sites\/29\/2023\/12\/JEZYK-ANGIELSKI-56-latki-1.docx\">J\u0118ZYK ANGIELSKI 5,6 latki (1)<\/a>[\/vc_column_text][\/vc_column_inner][vc_column_inner width=&#8221;1\/3&#8243;]<br \/>\n[\/vc_column_inner][\/vc_row_inner][\/vc_tta_section][vc_tta_section title=&#8221;Tematyka&#8221; tab_id=&#8221;1568812212023-7a0bff32-d58f&#8221;][vc_row_inner row_color=&#8221;#ffffff&#8221; row_head_color=&#8221;#ffffff&#8221; row_link_color=&#8221;#ffffff&#8221;][vc_column_inner width=&#8221;2\/3&#8243; css=&#8221;.vc_custom_1429074013896{padding-left: 0px !important;}&#8221;][vc_column_text][\/vc_column_text][vc_column_text][\/vc_column_text][\/vc_column_inner][vc_column_inner width=&#8221;1\/3&#8243; text_align=&#8221;right&#8221; css=&#8221;.vc_custom_1429074444664{padding-right: 0px !important;}&#8221;][vc_column_text]<\/p>\n<p>[\/vc_column_text][\/vc_column_inner][\/vc_row_inner][\/vc_tta_section][vc_tta_section title=&#8221;Galeria&#8221; tab_id=&#8221;1568812212992-be56055c-b148&#8243;][vc_btn title=&#8221;Wejd\u017a (dost\u0119p zabezpieczony has\u0142em)&#8221; align=&#8221;right&#8221; link=&#8221;url:https%3A%2F%2Fprzedszkole80.edu.wroclaw.pl%2Findex.php%2Fgaleria-gr4%2F|title:galeria%20gr4&#8243;][\/vc_tta_section][vc_tta_section title=&#8221;K\u0105cik logopedyczny&#8221; tab_id=&#8221;1611572081145-f9078a25-75fe&#8221;][vc_column_text]<a href=\"https:\/\/przedszkole80.edu.wroclaw.pl\/wp-content\/uploads\/sites\/29\/2024\/01\/bajeczka-logopedyczna.pdf\">bajeczka logopedyczna<\/a><\/p>\n<p><a href=\"https:\/\/przedszkole80.edu.wroclaw.pl\/wp-content\/uploads\/sites\/29\/2021\/04\/slonce.docx\">s\u0142o\u0144ce<\/a><\/p>\n<p><a href=\"https:\/\/przedszkole80.edu.wroclaw.pl\/wp-content\/uploads\/sites\/29\/2021\/01\/Gloski-szumiace-zestaw-cwiczen-narzadow-mowy.docx\">G\u0142oski szumi\u0105ce zestaw \u0107wicze\u0144 narz\u0105d\u00f3w mowy<\/a><\/p>\n<p><a href=\"https:\/\/przedszkole80.edu.wroclaw.pl\/wp-content\/uploads\/sites\/29\/2021\/03\/Cwiczenia-oddechowe.docx\">\u0106wiczenia oddechowe<\/a><\/p>\n<p><a href=\"https:\/\/przedszkole80.edu.wroclaw.pl\/wp-content\/uploads\/sites\/29\/2023\/10\/Chory-kotek.pdf\">Chory kotek<\/a><\/p>\n<p><a href=\"https:\/\/przedszkole80.edu.wroclaw.pl\/wp-content\/uploads\/sites\/29\/2024\/01\/Chory-Stas-cwiczenia-logopedyczne.pdf\">Chory Sta\u015b \u0107wiczenia logopedyczne<\/a><\/p>\n<p><a href=\"https:\/\/przedszkole80.edu.wroclaw.pl\/wp-content\/uploads\/sites\/29\/2024\/03\/Kubusiowy-poranek.pdf\">Kubusiowy poranek<\/a><\/p>\n<p><a href=\"https:\/\/przedszkole80.edu.wroclaw.pl\/wp-content\/uploads\/sites\/29\/2024\/04\/ZOO-cwiczenia-logopedyczne.pdf\">ZOO \u0107wiczenia logopedyczne<\/a>[\/vc_column_text][\/vc_tta_section][vc_tta_section title=&#8221;Praca zdalna&#8221; tab_id=&#8221;1617101733979-4cca2ffe-b20a&#8221;][vc_column_text][\/vc_column_text][\/vc_tta_section][\/vc_tta_tabs][vc_empty_space height=&#8221;80px&#8221;][\/vc_column][\/vc_row][vc_row][vc_column][vc_column_text]<a href=\"https:\/\/przedszkole80.edu.wroclaw.pl\/wp-content\/uploads\/sites\/29\/2021\/01\/Gloski-szumiace-zestaw-cwiczen-narzadow-mowy.docx\">G\u0142oski szumi\u0105ce zestaw \u0107wicze\u0144 narz\u0105d\u00f3w mowy<\/a>[\/vc_column_text][\/vc_column][\/vc_row]<\/p>\n<\/div>","protected":false},"excerpt":{"rendered":"<p>[vc_row][vc_column css=&#8221;.vc_custom_1613128100880{background: #9d691b url(https:\/\/przedszkole80.edu.wroclaw.pl\/wp-content\/uploads\/sites\/29\/2021\/02\/bg-vector2.png?id=2551) !important;}&#8221;][vc_column_text css=&#8221;.vc_custom_1613128253442{margin-top: -60px !important;margin-bottom: -5px !important;}&#8221;] Grupa IV [\/vc_column_text][vc_tta_tabs active_section=&#8221;1&#8243;][vc_tta_section title=&#8221;O nas&#8221; tab_id=&#8221;1568812206058-50f5386d-869d&#8221;][vc_row_inner row_color=&#8221;#ffffff&#8221; row_head_color=&#8221;#ffffff&#8221; row_link_color=&#8221;#ffffff&#8221;][vc_column_inner width=&#8221;2\/3&#8243; css=&#8221;.vc_custom_1429074013896{padding-left: 0px !important;}&#8221;][vc_column_text] MOTYLKI z zer\u00f3wki s\u0105 bardzo pracowite. [&hellip;]<\/p>\n","protected":false},"author":7,"featured_media":0,"parent":0,"menu_order":0,"comment_status":"closed","ping_status":"closed","template":"","meta":{"ngg_post_thumbnail":0,"footnotes":""},"class_list":["post-245","page","type-page","status-publish","hentry","clearfix"],"_links":{"self":[{"href":"https:\/\/przedszkole80.edu.wroclaw.pl\/index.php\/wp-json\/wp\/v2\/pages\/245","targetHints":{"allow":["GET"]}}],"collection":[{"href":"https:\/\/przedszkole80.edu.wroclaw.pl\/index.php\/wp-json\/wp\/v2\/pages"}],"about":[{"href":"https:\/\/przedszkole80.edu.wroclaw.pl\/index.php\/wp-json\/wp\/v2\/types\/page"}],"author":[{"embeddable":true,"href":"https:\/\/przedszkole80.edu.wroclaw.pl\/index.php\/wp-json\/wp\/v2\/users\/7"}],"replies":[{"embeddable":true,"href":"https:\/\/przedszkole80.edu.wroclaw.pl\/index.php\/wp-json\/wp\/v2\/comments?post=245"}],"version-history":[{"count":190,"href":"https:\/\/przedszkole80.edu.wroclaw.pl\/index.php\/wp-json\/wp\/v2\/pages\/245\/revisions"}],"predecessor-version":[{"id":4735,"href":"https:\/\/przedszkole80.edu.wroclaw.pl\/index.php\/wp-json\/wp\/v2\/pages\/245\/revisions\/4735"}],"wp:attachment":[{"href":"https:\/\/przedszkole80.edu.wroclaw.pl\/index.php\/wp-json\/wp\/v2\/media?parent=245"}],"curies":[{"name":"wp","href":"https:\/\/api.w.org\/{rel}","templated":true}]}}