
{"id":2704,"date":"2021-03-10T11:27:44","date_gmt":"2021-03-10T10:27:44","guid":{"rendered":"https:\/\/przedszkole80.edu.wroclaw.pl\/?page_id=2704"},"modified":"2026-01-14T14:00:22","modified_gmt":"2026-01-14T13:00:22","slug":"deklaracja-dostepnosci","status":"publish","type":"page","link":"https:\/\/przedszkole80.edu.wroclaw.pl\/index.php\/deklaracja-dostepnosci\/","title":{"rendered":"Deklaracja dost\u0119pno\u015bci"},"content":{"rendered":"<h1 id=\"a11y-deklaracja\"><span style=\"color: #3a7f1f;\"><strong><span style=\"font-size: 36pt;\">Deklaracja dost\u0119pno\u015bci Przedszkole Nr 80<\/span><\/strong><\/span><\/h1>\n<p id=\"a11y-wstep\"><span style=\"font-size: 14pt;\"><span id=\"a11y-podmiot\">Przedszkole Nr 80 we Wroc\u0142awiu<\/span> zobowi\u0105zuje si\u0119 zapewni\u0107 dost\u0119pno\u015b\u0107 swojej strony internetowej zgodnie z przepisami ustawy z dnia 4&nbsp;kwietnia 2019&nbsp;r. o&nbsp;dost\u0119pno\u015bci cyfrowej stron internetowych i&nbsp;aplikacji mobilnych podmiot\u00f3w publicznych. O\u015bwiadczenie w sprawie dost\u0119pno\u015bci ma zastosowanie do strony internetowej <a id=\"a11y-url\" href=\"http:\/\/przedszkole80.edu.wroclaw.pl\">Przedszkole Nr 80<\/a>.<\/span><\/p>\n<ul>\n<li><span style=\"font-size: 14pt;\"><span style=\"font-size: 14pt;\">Data publikacji strony internetowej: 2017-10-11<\/span><\/span><\/li>\n<li><span style=\"font-size: 14pt;\"><span style=\"font-size: 14pt;\">Data ostatniej istotnej aktualizacji: 2021-01-14<\/span><\/span><\/li>\n<\/ul>\n<h2><span style=\"color: #3a7f1f;\"><strong><span style=\"font-size: 24pt;\">Status pod wzgl\u0119dem zgodno\u015bci z ustaw\u0105<\/span><\/strong><\/span><\/h2>\n<p><span style=\"font-size: 14pt;\">Strona internetowa jest <strong id=\"a11y-status\">cz\u0119\u015bciowo zgodna<\/strong> z&nbsp;ustaw\u0105 o&nbsp;dost\u0119pno\u015bci cyfrowej stron internetowych i&nbsp;aplikacji mobilnych podmiot\u00f3w publicznych z powodu niezgodno\u015bci lub wy\u0142\u0105cze\u0144 wymienionych poni\u017cej.<\/span><\/p>\n<h3><span style=\"color: #3a7f1f;\"><strong><span style=\"font-size: 18pt;\">Tre\u015bci niedost\u0119pne<\/span><\/strong><\/span><\/h3>\n<ul>\n<li><span style=\"font-size: 14pt;\">brak cz\u0119\u015bci opis\u00f3w alternatywnych i tytu\u0142\u00f3w dla cz\u0119\u015bci zdj\u0119\u0107 i obrazk\u00f3w,<\/span><\/li>\n<li><span style=\"font-size: 14pt;\">cz\u0119\u015b\u0107 artyku\u0142\u00f3w zawiera b\u0142\u0119dy w warstwie tekstowej ( brak informacji o rodzaju otwieranych lub pobieranych dokument\u00f3w, tekst wyjustowany)<\/span><\/li>\n<li><span style=\"font-size: 14pt;\">niekt\u00f3re funkcjonalno\u015bci posiadaj\u0105 drobne b\u0142\u0119dy programistyczne, na obecn\u0105 chwil\u0119, niemo\u017cliwe do poprawy bez zewn\u0119trznej ingerencji programistycznej<\/span><\/li>\n<\/ul>\n<h3><span style=\"color: #3a7f1f;\"><strong><span style=\"font-size: 18pt;\">Przygotowanie deklaracji w sprawie dost\u0119pno\u015bci<\/span><\/strong><\/span><\/h3>\n<ul>\n<li><span style=\"font-size: 14pt;\"><span style=\"font-size: 14pt;\">Deklaracj\u0119 sporz\u0105dzono dnia: 2020-09-21<\/span><\/span><\/li>\n<li><span style=\"font-size: 14pt;\"><span style=\"font-size: 14pt;\">Deklaracj\u0119 zosta\u0142a ostatnio poddana przegl\u0105dowi i aktualizacji dnia: 2025-03-26<\/span><\/span><\/li>\n<\/ul>\n<p><span style=\"font-size: 14pt;\">Deklaracj\u0119 sporz\u0105dzono na podstawie samooceny.<\/span><\/p>\n<h2 id=\"a11y-kontakt\"><span style=\"color: #3a7f1f;\"><strong><span style=\"font-size: 24pt;\">Informacje zwrotne i dane kontaktowe<\/span><\/strong><\/span><\/h2>\n<ul>\n<li><span style=\"font-size: 14pt;\">Za rozpatrywanie uwag i wniosk\u00f3w odpowiada: <span id=\"a11y-osoba\">El\u017cbieta Szczygie\u0142<\/span>.<\/span><\/li>\n<li><span style=\"font-size: 14pt;\">E-mail: <span id=\"a11y-email\">sekretariat.p080@wroclawskaedukacja.pl<\/span><\/span><\/li>\n<li><span style=\"font-size: 14pt;\">Telefon: <span id=\"a11y-telefon\">71 798 68 15<\/span><\/span><\/li>\n<\/ul>\n<p id=\"a11y-procedura\"><span style=\"font-size: 14pt;\">Ka\u017cdy ma prawo:<\/span><\/p>\n<ul>\n<li><span style=\"font-size: 14pt;\">zg\u0142osi\u0107 uwagi dotycz\u0105ce dost\u0119pno\u015bci cyfrowej strony lub jej elementu,<\/span><\/li>\n<li><span style=\"font-size: 14pt;\">zg\u0142osi\u0107 \u017c\u0105danie zapewnienia dost\u0119pno\u015bci cyfrowej strony lub jej elementu,<\/span><\/li>\n<li><span style=\"font-size: 14pt;\">wnioskowa\u0107 o udost\u0119pnienie niedost\u0119pnej informacji w innej alternatywnej formie.<\/span><\/li>\n<\/ul>\n<p><span style=\"font-size: 14pt;\">\u017b\u0105danie musi zawiera\u0107:<\/span><\/p>\n<ul>\n<li><span style=\"font-size: 14pt;\">dane kontaktowe osoby zg\u0142aszaj\u0105cej,<\/span><\/li>\n<li><span style=\"font-size: 14pt;\">wskazanie strony lub elementu strony, kt\u00f3rej dotyczy \u017c\u0105danie,<\/span><\/li>\n<li><span style=\"font-size: 14pt;\">wskazanie dogodnej formy udost\u0119pnienia informacji, je\u015bli \u017c\u0105danie dotyczy udost\u0119pnienia w formie alternatywnej informacji niedost\u0119pnej.<\/span><\/li>\n<\/ul>\n<p><span style=\"font-size: 14pt;\">Rozpatrzenie zg\u0142oszenia powinno nast\u0105pi\u0107 niezw\u0142ocznie, najp\u00f3\u017aniej w ci\u0105gu 7 dni. Je\u015bli w tym terminie zapewnienie dost\u0119pno\u015bci albo zapewnienie dost\u0119pu w alternatywnej formie nie jest mo\u017cliwe, powinno nast\u0105pi\u0107 najdalej w ci\u0105gu 2 miesi\u0119cy od daty zg\u0142oszenia.<\/span><\/p>\n<h3><span style=\"color: #3a7f1f;\"><strong><span style=\"font-size: 18pt;\">Skargi i odwo\u0142ania<\/span><\/strong><\/span><\/h3>\n<p><span style=\"font-size: 14pt;\">Na niedotrzymanie tych termin\u00f3w oraz na odmow\u0119 realizacji \u017c\u0105dania mo\u017cna z\u0142o\u017cy\u0107 skarg\u0119 do organu nadzoruj\u0105cego poczt\u0105 lub drog\u0105 elektroniczn\u0105 na adres:<\/span><\/p>\n<ul>\n<li><span style=\"font-size: 14pt;\">Organ nadzoruj\u0105cy: Dyrektor Przedszkola nr 80 &#8222;Zielona dolinka&#8221; we Wroc\u0142awiu<\/span><\/li>\n<li><span style=\"font-size: 14pt;\">Adres: ul. Zieli\u0144skiego 74<\/span><br \/>\n<span style=\"font-size: 14pt;\">53-534 Wroc\u0142aw<\/span><\/li>\n<li><span style=\"font-size: 14pt;\">E-mail: sekretariat.p080@wroclawskaedukacja.pl<\/span><\/li>\n<li><span style=\"font-size: 14pt;\">Telefon: <span id=\"a11y-telefon\">71 798 68 15<\/span><\/span><\/li>\n<\/ul>\n<p><span style=\"font-size: 14pt;\">Skarg\u0119 mo\u017cna z\u0142o\u017cy\u0107 r\u00f3wnie\u017c do <a href=\"https:\/\/www.rpo.gov.pl\/content\/jak-zglosic-sie-do-rzecznika-praw-obywatelskich\">Rzecznika Praw Obywatelskich<\/a>.<\/span><\/p>\n<h2 id=\"a11y-architektura\"><span style=\"color: #3a7f1f;\"><strong><span style=\"font-size: 24pt;\">Dost\u0119pno\u015b\u0107 architektoniczna<\/span><\/strong><\/span><\/h2>\n<p><span style=\"font-size: 14pt;\">Siedziba Przedszkola Nr 80 we Wroc\u0142awiu mie\u015bci si\u0119 przy ulicy Zieli\u0144skiego 74 we Wroc\u0142awiu.<\/span><\/p>\n<ul>\n<li><span style=\"font-size: 14pt;\">Do przedszkola prowadzi jedno g\u0142\u00f3wne wej\u015bcie przeznaczone dla u\u017cytkownik\u00f3w budynku oraz go\u015bci\/interesant\u00f3w.<\/span><\/li>\n<li><span style=\"font-size: 14pt;\">Drugie wej\u015bcie usytuowane, od strony bramy wjazdowej na teren przedszkola jest wej\u015bciem gospodarczym przeznaczonym dla pracownik\u00f3w oraz firm zaopatrzeniowo-us\u0142ugowych.<\/span><\/li>\n<li><span style=\"font-size: 14pt;\">Wej\u015bcie g\u0142\u00f3wne&nbsp; &nbsp;nie jest wyposa\u017cone w system informacji naprowadzaj\u0105cej d\u017awi\u0119kowo osoby niewidome i s\u0142abowidz\u0105ce.<\/span><\/li>\n<li><span style=\"font-size: 14pt;\">Wej\u015bcia g\u0142\u00f3wne do budynku wyposa\u017cone jest&nbsp; w system kontroli dost\u0119pu. Rodzice\/&nbsp; osoby upowa\u017cnione do odbioru dzieci z plac\u00f3wki otwieraj\u0105 je za pomoc\u0105 kodu dost\u0119pu.<\/span><\/li>\n<li><span style=\"font-size: 14pt;\">Przedszkole nie posiada toalety przystosowanej do potrzeb os\u00f3b niepe\u0142nosprawnych. Przed budynkiem nie ma miejsc parkingowych dla os\u00f3b niepe\u0142nosprawnych.W przedszkolu nie ma p\u0119tli indukcyjnych.<\/span><\/li>\n<li><span style=\"font-size: 14pt;\">W budynku nie ma oznacze\u0144 w alfabecie brajla ani oznacze\u0144 kontrastowych lub w druku powi\u0119kszonym dla os\u00f3b niewidz\u0105cych i s\u0142abowidz\u0105cych.<\/span><\/li>\n<li><span style=\"font-size: 14pt;\">Brak t\u0142umacza j\u0119zyka migowego.<\/span><\/li>\n<li><span style=\"font-size: 14pt;\">Do budynku mo\u017cna wej\u015b\u0107 z psem asystuj\u0105cym i psem przewodnikiem.<\/span><\/li>\n<li><span style=\"font-size: 14pt;\">Inne osoby (go\u015bcie, interesanci) mog\u0105 wej\u015b\u0107 do budynku sygnalizuj\u0105c ten zamiar za pomoc\u0105 dzwonka znajduj\u0105cego si\u0119 przy&nbsp; drzwiach wej\u015bciowych.<\/span><\/li>\n<li><span style=\"font-size: 14pt;\">Do obu wej\u015b\u0107 prowadz\u0105 schody, przy g\u0142\u00f3wnym wej\u015bciu znajduje si\u0119 podjazd dla w\u00f3zk\u00f3w.<\/span><\/li>\n<li><span style=\"font-size: 14pt;\">Dla os\u00f3b na w\u00f3zkach dost\u0119pny jest tylko korytarz i szatnia dzieci\u0119ca oraz pomieszczenia na parterze. Na pi\u0119tro prowadz\u0105 schody, kt\u00f3re nie s\u0105 wyposa\u017cone w urz\u0105dzenia typu pochylnie, platformy przy schodowe. W budynku nie ma te\u017c windy osobowej.<\/span><\/li>\n<\/ul>\n<h3><span style=\"color: #3a7f1f;\"><strong><span style=\"font-size: 18pt;\">Udogodnienia<\/span><\/strong><\/span><\/h3>\n<ul>\n<li><span style=\"font-size: 14pt;\">Domy\u015ble skr\u00f3ty klawiszowe przegl\u0105darek internetowych<\/span><\/li>\n<li><span style=\"font-size: 14pt;\">Prze\u0142\u0105cznik kontrastowy<\/span><\/li>\n<li><span style=\"font-size: 14pt;\">Pani El\u017cbieta Szczygie\u0142 jest koordynatorem&nbsp; d\/s kontakt\u00f3w z&nbsp; osobami z niepe\u0142nosprawno\u015bciami w Przedszkolu nr 80. Udzieli wszelkich informacji oraz pomocy w sprawach dotycz\u0105cych przedszkola.<\/span><\/li>\n<\/ul>\n","protected":false},"excerpt":{"rendered":"<p>Deklaracja dost\u0119pno\u015bci Przedszkole Nr 80 Przedszkole Nr 80 we Wroc\u0142awiu zobowi\u0105zuje si\u0119 zapewni\u0107 dost\u0119pno\u015b\u0107 swojej strony internetowej zgodnie z przepisami ustawy z dnia 4&nbsp;kwietnia 2019&nbsp;r. o&nbsp;dost\u0119pno\u015bci cyfrowej stron internetowych i&nbsp;aplikacji [&hellip;]<\/p>\n","protected":false},"author":7,"featured_media":0,"parent":0,"menu_order":0,"comment_status":"closed","ping_status":"closed","template":"","meta":{"ngg_post_thumbnail":0,"footnotes":""},"class_list":["post-2704","page","type-page","status-publish","hentry","clearfix"],"_links":{"self":[{"href":"https:\/\/przedszkole80.edu.wroclaw.pl\/index.php\/wp-json\/wp\/v2\/pages\/2704","targetHints":{"allow":["GET"]}}],"collection":[{"href":"https:\/\/przedszkole80.edu.wroclaw.pl\/index.php\/wp-json\/wp\/v2\/pages"}],"about":[{"href":"https:\/\/przedszkole80.edu.wroclaw.pl\/index.php\/wp-json\/wp\/v2\/types\/page"}],"author":[{"embeddable":true,"href":"https:\/\/przedszkole80.edu.wroclaw.pl\/index.php\/wp-json\/wp\/v2\/users\/7"}],"replies":[{"embeddable":true,"href":"https:\/\/przedszkole80.edu.wroclaw.pl\/index.php\/wp-json\/wp\/v2\/comments?post=2704"}],"version-history":[{"count":10,"href":"https:\/\/przedszkole80.edu.wroclaw.pl\/index.php\/wp-json\/wp\/v2\/pages\/2704\/revisions"}],"predecessor-version":[{"id":5127,"href":"https:\/\/przedszkole80.edu.wroclaw.pl\/index.php\/wp-json\/wp\/v2\/pages\/2704\/revisions\/5127"}],"wp:attachment":[{"href":"https:\/\/przedszkole80.edu.wroclaw.pl\/index.php\/wp-json\/wp\/v2\/media?parent=2704"}],"curies":[{"name":"wp","href":"https:\/\/api.w.org\/{rel}","templated":true}]}}